{"id":10586,"date":"2025-10-28T23:24:27","date_gmt":"2025-10-28T21:24:27","guid":{"rendered":"https:\/\/darvilais.md\/?post_type=product&#038;p=10586"},"modified":"2026-03-22T20:17:32","modified_gmt":"2026-03-22T18:17:32","slug":"xo-cb01-laptop-bag-13-inch-black-gray","status":"publish","type":"product","link":"https:\/\/darvilais.md\/ro\/produs\/xo-cb01-laptop-bag-13-inch-black-gray\/","title":{"rendered":"XO CB01"},"content":{"rendered":"<h2><strong>Geant\u0103 pentru laptop XO CB01\u00a0<\/strong><\/h2>\n<ul>\n<li class=\"p1\"><strong>Culoare: negru, gri\u00a0<\/strong><\/li>\n<li class=\"p1\"><strong>Tip: geant\u0103 pentru laptop\u00a0<\/strong><\/li>\n<li class=\"p1\"><strong>Compatibilitate: laptopuri de p\u00e2n\u0103 la 13 inci\u00a0<\/strong><\/li>\n<li class=\"p1\"><strong>Caracteristici: c\u0103ptu\u0219eal\u0103 moale, protec\u021bie \u00eempotriva umezelii, m\u00e2ner de transport convenabil\u00a0<\/strong><\/li>\n<li class=\"p1\"><strong>Material: nailon + poliester\u00a0<\/strong><\/li>\n<li class=\"p1\"><strong>Produc\u0103tor: XO<\/strong><\/li>\n<\/ul>","protected":false},"excerpt":{"rendered":"<p><em><strong>XO CB01 este o geant\u0103 compact\u0103 \u0219i convenabil\u0103 pentru laptopuri de p\u00e2n\u0103 la 13&quot;, care ofer\u0103 protec\u021bie \u00eempotriva umezelii \u0219i \u0219ocurilor. Ideal\u0103 pentru utilizarea zilnic\u0103.<\/strong><\/em><\/p>","protected":false},"featured_media":10589,"template":"","meta":{"_acf_changed":false},"product_brand":[301],"product_cat":[245],"product_tag":[1229,1231,1232,715],"class_list":{"0":"post-10586","1":"product","2":"type-product","3":"status-publish","4":"has-post-thumbnail","6":"product_brand-xo","7":"product_cat-everyday-accessories","8":"product_tag-1229","9":"product_tag-1231","10":"product_tag-1232","11":"product_tag-715","13":"first","14":"instock","15":"sale","16":"taxable","17":"shipping-taxable","18":"purchasable","19":"product-type-variable","20":"add-to-wishlist-after_add_to_cart"},"acf":[],"jetpack_sharing_enabled":true,"_links":{"self":[{"href":"https:\/\/darvilais.md\/ro\/wp-json\/wp\/v2\/product\/10586","targetHints":{"allow":["GET"]}}],"collection":[{"href":"https:\/\/darvilais.md\/ro\/wp-json\/wp\/v2\/product"}],"about":[{"href":"https:\/\/darvilais.md\/ro\/wp-json\/wp\/v2\/types\/product"}],"wp:featuredmedia":[{"embeddable":true,"href":"https:\/\/darvilais.md\/ro\/wp-json\/wp\/v2\/media\/10589"}],"wp:attachment":[{"href":"https:\/\/darvilais.md\/ro\/wp-json\/wp\/v2\/media?parent=10586"}],"wp:term":[{"taxonomy":"product_brand","embeddable":true,"href":"https:\/\/darvilais.md\/ro\/wp-json\/wp\/v2\/product_brand?post=10586"},{"taxonomy":"product_cat","embeddable":true,"href":"https:\/\/darvilais.md\/ro\/wp-json\/wp\/v2\/product_cat?post=10586"},{"taxonomy":"product_tag","embeddable":true,"href":"https:\/\/darvilais.md\/ro\/wp-json\/wp\/v2\/product_tag?post=10586"}],"curies":[{"name":"wp","href":"https:\/\/api.w.org\/{rel}","templated":true}]}}