{"id":10578,"date":"2025-10-28T21:07:07","date_gmt":"2025-10-28T21:07:07","guid":{"rendered":"https:\/\/darvilais.md\/?post_type=product&#038;p=10578"},"modified":"2025-10-28T21:07:07","modified_gmt":"2025-10-28T21:07:07","slug":"wiwu-warriors-backpack-x-pro-black","status":"publish","type":"product","link":"https:\/\/darvilais.md\/ro\/produs\/wiwu-warriors-backpack-x-pro-black\/","title":{"rendered":"Rucsac WiWU X Pro\u00a0"},"content":{"rendered":"<p><strong>Rucsac WiWU Warriors X Pro\u00a0<\/strong><\/p>\n<ul>\n<li class=\"p1\"><strong>Culoare: negru\u00a0<\/strong><\/li>\n<li class=\"p1\"><strong>Tip: rucsac pentru laptop \u0219i accesorii\u00a0<\/strong><\/li>\n<li class=\"p1\"><strong>Compatibilitate: dispozitive de p\u00e2n\u0103 la 17 inci\u00a0<\/strong><\/li>\n<li class=\"p1\"><strong>Caracteristici: port de \u00eenc\u0103rcare USB, material hidrofug, compartiment pentru tablet\u0103\u00a0<\/strong><\/li>\n<li class=\"p1\"><strong>Material: nailon + poliester\u00a0<\/strong><\/li>\n<li class=\"p1\"><strong>Produc\u0103tor: WiWU\u00a0<\/strong><\/li>\n<\/ul>\n<p><strong><span class=\"s1\">Confirmat: <\/span><a href=\"https:\/\/www.wiwu.com\/wiwu-multiple-function-warrior-backpack-pro-max-luxurious-cordura-nylon-laptop-backpack.html\" target=\"_blank\" rel=\"noopener\">https:\/\/www.wiwu.com\/wiwu-multiple-function-warrior-backpack-pro-max-luxurious-cordura-nylon-laptop-backpack.html<\/a><\/strong><\/p>","protected":false},"excerpt":{"rendered":"<p><strong><em>Rucsacul WiWU Warriors X Pro este spa\u021bios pentru laptopuri de p\u00e2n\u0103 la 17&quot;, conceput at\u00e2t pentru c\u0103l\u0103torii de afaceri, c\u00e2t \u0219i pentru via\u021ba \u00een ora\u0219. Dispune de un port USB \u00eencorporat \u0219i este rezistent la ap\u0103.<\/em><\/strong><\/p>","protected":false},"featured_media":10584,"template":"","meta":{"_acf_changed":false},"product_brand":[307],"product_cat":[245],"product_tag":[1229,708,1231,707],"class_list":{"0":"post-10578","1":"product","2":"type-product","3":"status-publish","4":"has-post-thumbnail","6":"product_brand-wiwu","7":"product_cat-everyday-accessories","8":"product_tag-1229","9":"product_tag-708","10":"product_tag-1231","11":"product_tag-707","13":"first","14":"instock","15":"taxable","16":"shipping-taxable","17":"purchasable","18":"product-type-simple","19":"add-to-wishlist-after_add_to_cart"},"acf":[],"jetpack_sharing_enabled":true,"_links":{"self":[{"href":"https:\/\/darvilais.md\/ro\/wp-json\/wp\/v2\/product\/10578","targetHints":{"allow":["GET"]}}],"collection":[{"href":"https:\/\/darvilais.md\/ro\/wp-json\/wp\/v2\/product"}],"about":[{"href":"https:\/\/darvilais.md\/ro\/wp-json\/wp\/v2\/types\/product"}],"wp:featuredmedia":[{"embeddable":true,"href":"https:\/\/darvilais.md\/ro\/wp-json\/wp\/v2\/media\/10584"}],"wp:attachment":[{"href":"https:\/\/darvilais.md\/ro\/wp-json\/wp\/v2\/media?parent=10578"}],"wp:term":[{"taxonomy":"product_brand","embeddable":true,"href":"https:\/\/darvilais.md\/ro\/wp-json\/wp\/v2\/product_brand?post=10578"},{"taxonomy":"product_cat","embeddable":true,"href":"https:\/\/darvilais.md\/ro\/wp-json\/wp\/v2\/product_cat?post=10578"},{"taxonomy":"product_tag","embeddable":true,"href":"https:\/\/darvilais.md\/ro\/wp-json\/wp\/v2\/product_tag?post=10578"}],"curies":[{"name":"wp","href":"https:\/\/api.w.org\/{rel}","templated":true}]}}