{"id":10571,"date":"2025-10-28T20:56:53","date_gmt":"2025-10-28T20:56:53","guid":{"rendered":"https:\/\/darvilais.md\/?post_type=product&#038;p=10571"},"modified":"2025-10-28T20:56:53","modified_gmt":"2025-10-28T20:56:53","slug":"wiwu-vivi-laptop-handbag-15-6-gray","status":"publish","type":"product","link":"https:\/\/darvilais.md\/ro\/produs\/wiwu-vivi-laptop-handbag-15-6-gray\/","title":{"rendered":"WiWU Vivi 15.6\u2033"},"content":{"rendered":"<h2><strong>Geant\u0103 WiWU Vivi pentru laptop de 15,6 inchi\u00a0<\/strong><\/h2>\n<ul>\n<li class=\"p1\"><strong>Culoare: gri\u00a0<\/strong><\/li>\n<li class=\"p1\"><strong>Compatibilitate: laptopuri de p\u00e2n\u0103 la 15,6 inci\u00a0<\/strong><\/li>\n<li class=\"p1\"><strong>Tip: geant\u0103 pentru laptop cu m\u00e2nere\u00a0<\/strong><\/li>\n<li class=\"p1\"><strong>Caracteristici: protec\u021bie \u00eempotriva umezelii, c\u0103ptu\u0219eal\u0103 moale, fermoar rezistent\u00a0<\/strong><\/li>\n<li class=\"p1\"><strong>Material: nailon + poliester\u00a0<\/strong><\/li>\n<li class=\"p1\"><strong>Produc\u0103tor: WiWU\u00a0<\/strong><\/li>\n<\/ul>\n<p><strong><span class=\"s1\">Confirmat: <\/span><a href=\"https:\/\/www.wiwu.com\/wiwu-vivi-laptop-handbag-waterproof-simple-laptop-bag-for-macbook-with-anti-scratch-lining.html\" target=\"_blank\" rel=\"noopener\">https:\/\/www.wiwu.com\/wiwu-vivi-laptop-handbag-waterproof-simple-laptop-bag-for-macbook-with-anti-scratch-lining.html<\/a><\/strong><\/p>","protected":false},"excerpt":{"rendered":"<p><em><strong>Geanta WiWU Vivi este o geant\u0103 practic\u0103 \u0219i u\u0219oar\u0103 pentru laptop de 15,6&quot;, care protejeaz\u0103 dispozitivul de impacturi \u0219i umezeal\u0103, fiind ideal\u0103 at\u00e2t pentru birou, c\u00e2t \u0219i pentru c\u0103l\u0103torii.<\/strong><\/em><\/p>","protected":false},"featured_media":10577,"template":"","meta":{"_acf_changed":false},"product_brand":[307],"product_cat":[245],"product_tag":[1229,1231,1230,715],"class_list":{"0":"post-10571","1":"product","2":"type-product","3":"status-publish","4":"has-post-thumbnail","6":"product_brand-wiwu","7":"product_cat-everyday-accessories","8":"product_tag-1229","9":"product_tag-1231","10":"product_tag--15-6","11":"product_tag-715","13":"first","14":"instock","15":"taxable","16":"shipping-taxable","17":"purchasable","18":"product-type-simple","19":"add-to-wishlist-after_add_to_cart"},"acf":[],"jetpack_sharing_enabled":true,"_links":{"self":[{"href":"https:\/\/darvilais.md\/ro\/wp-json\/wp\/v2\/product\/10571","targetHints":{"allow":["GET"]}}],"collection":[{"href":"https:\/\/darvilais.md\/ro\/wp-json\/wp\/v2\/product"}],"about":[{"href":"https:\/\/darvilais.md\/ro\/wp-json\/wp\/v2\/types\/product"}],"wp:featuredmedia":[{"embeddable":true,"href":"https:\/\/darvilais.md\/ro\/wp-json\/wp\/v2\/media\/10577"}],"wp:attachment":[{"href":"https:\/\/darvilais.md\/ro\/wp-json\/wp\/v2\/media?parent=10571"}],"wp:term":[{"taxonomy":"product_brand","embeddable":true,"href":"https:\/\/darvilais.md\/ro\/wp-json\/wp\/v2\/product_brand?post=10571"},{"taxonomy":"product_cat","embeddable":true,"href":"https:\/\/darvilais.md\/ro\/wp-json\/wp\/v2\/product_cat?post=10571"},{"taxonomy":"product_tag","embeddable":true,"href":"https:\/\/darvilais.md\/ro\/wp-json\/wp\/v2\/product_tag?post=10571"}],"curies":[{"name":"wp","href":"https:\/\/api.w.org\/{rel}","templated":true}]}}