{"id":10565,"date":"2025-10-28T22:44:37","date_gmt":"2025-10-28T20:44:37","guid":{"rendered":"https:\/\/darvilais.md\/?post_type=product&#038;p=10565"},"modified":"2026-01-29T13:09:09","modified_gmt":"2026-01-29T11:09:09","slug":"xo-cb02-laptop-bag-15-6-usb-fast-charge","status":"publish","type":"product","link":"https:\/\/darvilais.md\/ro\/produs\/xo-cb02-laptop-bag-15-6-usb-fast-charge\/","title":{"rendered":"XO CB02"},"content":{"rendered":"<h2><strong>Geant\u0103 de um\u0103r pentru computer XO CB02 de 15,6\u2033\u00a0<\/strong><\/h2>\n<ul>\n<li class=\"p1\"><strong>Culoare: negru\u00a0<\/strong><\/li>\n<li class=\"p1\"><strong>Compatibilitate: laptopuri de p\u00e2n\u0103 la 15,6 inci\u00a0<\/strong><\/li>\n<li class=\"p1\"><strong>Caracteristici: Port USB lateral, suport pentru \u00eenc\u0103rcare rapid\u0103\u00a0<\/strong><\/li>\n<li class=\"p1\"><strong>Material: material hidrofug\u00a0<\/strong><\/li>\n<li class=\"p1\"><strong>Compartimente: pentru laptop, accesorii \u0219i documente\u00a0<\/strong><\/li>\n<li class=\"p1\"><strong>Produc\u0103tor: XO<\/strong><\/li>\n<\/ul>","protected":false},"excerpt":{"rendered":"<p><strong><em>XO CB02 este o geant\u0103 durabil\u0103 \u0219i elegant\u0103 pentru laptopuri de p\u00e2n\u0103 la 15,6\u2033, echipat\u0103 cu un port USB lateral pentru \u00eenc\u0103rcarea rapid\u0103 a dispozitivelor.<\/em><\/strong><\/p>","protected":false},"featured_media":10570,"template":"","meta":{"_acf_changed":false},"product_brand":[301],"product_cat":[245],"product_tag":[1228,1227,707,715],"class_list":{"0":"post-10565","1":"product","2":"type-product","3":"status-publish","4":"has-post-thumbnail","6":"product_brand-xo","7":"product_cat-everyday-accessories","8":"product_tag-usb-","9":"product_tag-1227","10":"product_tag-707","11":"product_tag-715","13":"first","14":"instock","15":"sale","16":"taxable","17":"shipping-taxable","18":"purchasable","19":"product-type-simple","20":"add-to-wishlist-after_add_to_cart"},"acf":[],"jetpack_sharing_enabled":true,"_links":{"self":[{"href":"https:\/\/darvilais.md\/ro\/wp-json\/wp\/v2\/product\/10565","targetHints":{"allow":["GET"]}}],"collection":[{"href":"https:\/\/darvilais.md\/ro\/wp-json\/wp\/v2\/product"}],"about":[{"href":"https:\/\/darvilais.md\/ro\/wp-json\/wp\/v2\/types\/product"}],"wp:featuredmedia":[{"embeddable":true,"href":"https:\/\/darvilais.md\/ro\/wp-json\/wp\/v2\/media\/10570"}],"wp:attachment":[{"href":"https:\/\/darvilais.md\/ro\/wp-json\/wp\/v2\/media?parent=10565"}],"wp:term":[{"taxonomy":"product_brand","embeddable":true,"href":"https:\/\/darvilais.md\/ro\/wp-json\/wp\/v2\/product_brand?post=10565"},{"taxonomy":"product_cat","embeddable":true,"href":"https:\/\/darvilais.md\/ro\/wp-json\/wp\/v2\/product_cat?post=10565"},{"taxonomy":"product_tag","embeddable":true,"href":"https:\/\/darvilais.md\/ro\/wp-json\/wp\/v2\/product_tag?post=10565"}],"curies":[{"name":"wp","href":"https:\/\/api.w.org\/{rel}","templated":true}]}}