{"id":10552,"date":"2025-10-28T16:18:14","date_gmt":"2025-10-28T16:18:14","guid":{"rendered":"https:\/\/darvilais.md\/?post_type=product&#038;p=10552"},"modified":"2025-10-28T16:18:15","modified_gmt":"2025-10-28T16:18:15","slug":"hoco-hx25-600w-heater-eu","status":"publish","type":"product","link":"https:\/\/darvilais.md\/ro\/produs\/hoco-hx25-600w-heater-eu\/","title":{"rendered":"Hoco HX25"},"content":{"rendered":"<h2><strong>\u00cenc\u0103lzitor Hoco HX25 600W (UE)\u00a0<\/strong><\/h2>\n<ul>\n<li class=\"p1\"><strong>Culoare: alb\u00a0<\/strong><\/li>\n<li class=\"p1\"><strong>Tip: \u00eenc\u0103lzitor electric portabil\u00a0<\/strong><\/li>\n<li class=\"p1\"><strong>Putere: 600 W\u00a0<\/strong><\/li>\n<li class=\"p1\"><strong>Tensiune: 220\u2013240 V\u00a0<\/strong><\/li>\n<li class=\"p1\"><strong>Material carcas\u0103: plastic ignifug\u00a0<\/strong><\/li>\n<li class=\"p1\"><strong>Controlul temperaturii: da\u00a0<\/strong><\/li>\n<li class=\"p1\"><strong>Cronometru: da\u00a0<\/strong><\/li>\n<li class=\"p1\"><strong>Potrivit pentru spa\u021bii: p\u00e2n\u0103 la 10 m\u00b2\u00a0<\/strong><\/li>\n<li class=\"p1\"><strong>Producator: Hoco<\/strong><\/li>\n<\/ul>","protected":false},"excerpt":{"rendered":"<p><em><strong>\u00cenc\u0103lzitorul electric portabil Hoco HX25 ofer\u0103 o putere de 600 de wa\u021bi. Controlul temperaturii \u0219i un temporizator asigur\u0103 o utilizare confortabil\u0103 acas\u0103 sau la birou.<\/strong><\/em><\/p>","protected":false},"featured_media":10556,"template":"","meta":{"_acf_changed":false},"product_brand":[286],"product_cat":[245],"product_tag":[1220,564,1223,1224],"class_list":{"0":"post-10552","1":"product","2":"type-product","3":"status-publish","4":"has-post-thumbnail","6":"product_brand-hoco","7":"product_cat-everyday-accessories","8":"product_tag-1220","9":"product_tag-564","10":"product_tag-1223","11":"product_tag-1224","13":"first","14":"instock","15":"taxable","16":"shipping-taxable","17":"purchasable","18":"product-type-simple","19":"add-to-wishlist-after_add_to_cart"},"acf":[],"jetpack_sharing_enabled":true,"_links":{"self":[{"href":"https:\/\/darvilais.md\/ro\/wp-json\/wp\/v2\/product\/10552","targetHints":{"allow":["GET"]}}],"collection":[{"href":"https:\/\/darvilais.md\/ro\/wp-json\/wp\/v2\/product"}],"about":[{"href":"https:\/\/darvilais.md\/ro\/wp-json\/wp\/v2\/types\/product"}],"wp:featuredmedia":[{"embeddable":true,"href":"https:\/\/darvilais.md\/ro\/wp-json\/wp\/v2\/media\/10556"}],"wp:attachment":[{"href":"https:\/\/darvilais.md\/ro\/wp-json\/wp\/v2\/media?parent=10552"}],"wp:term":[{"taxonomy":"product_brand","embeddable":true,"href":"https:\/\/darvilais.md\/ro\/wp-json\/wp\/v2\/product_brand?post=10552"},{"taxonomy":"product_cat","embeddable":true,"href":"https:\/\/darvilais.md\/ro\/wp-json\/wp\/v2\/product_cat?post=10552"},{"taxonomy":"product_tag","embeddable":true,"href":"https:\/\/darvilais.md\/ro\/wp-json\/wp\/v2\/product_tag?post=10552"}],"curies":[{"name":"wp","href":"https:\/\/api.w.org\/{rel}","templated":true}]}}