{"id":10547,"date":"2025-10-28T16:09:24","date_gmt":"2025-10-28T16:09:24","guid":{"rendered":"https:\/\/darvilais.md\/?post_type=product&#038;p=10547"},"modified":"2025-10-28T16:09:24","modified_gmt":"2025-10-28T16:09:24","slug":"hoco-di65-trust-electronic-scale-white","status":"publish","type":"product","link":"https:\/\/darvilais.md\/ro\/produs\/hoco-di65-trust-electronic-scale-white\/","title":{"rendered":"Hoco DI65"},"content":{"rendered":"<h2><strong>C\u00e2ntar electronic Hoco DI65 Trust cu afi\u0219aj\u00a0<\/strong><\/h2>\n<ul>\n<li class=\"p1\"><strong>Culoare: alb\u00a0<\/strong><\/li>\n<li class=\"p1\"><strong>Tip: c\u00e2ntar electronic\u00a0<\/strong><\/li>\n<li class=\"p1\"><strong>Materialul platformei: sticl\u0103 securizat\u0103\u00a0<\/strong><\/li>\n<li class=\"p1\"><strong>Interval de m\u0103surare: p\u00e2n\u0103 la 180 kg\u00a0<\/strong><\/li>\n<li class=\"p1\"><strong>Precizie de m\u0103surare: \u00b1100 g\u00a0<\/strong><\/li>\n<li class=\"p1\"><strong>Afi\u0219aj: LED digital\u00a0<\/strong><\/li>\n<li class=\"p1\"><strong>Alimentare: baterii AAA\u00a0<\/strong><\/li>\n<li class=\"p1\"><strong>Caracteristici: oprire automat\u0103, indicator de suprasarcin\u0103\u00a0<\/strong><\/li>\n<li class=\"p1\"><strong>Producator: Hoco<\/strong><\/li>\n<\/ul>","protected":false},"excerpt":{"rendered":"<p><strong><em>C\u00e2ntarul electronic Hoco DI65 Trust are o precizie de p\u00e2n\u0103 la 100 de grame \u0219i dispune de un afi\u0219aj LED. Corpul s\u0103u durabil din sticl\u0103 securizat\u0103 \u0219i designul elegant \u00eel fac perfect pentru casa ta.<\/em><\/strong><\/p>","protected":false},"featured_media":10551,"template":"","meta":{"_acf_changed":false},"product_brand":[],"product_cat":[245],"product_tag":[1219,1220,1222,1221],"class_list":{"0":"post-10547","1":"product","2":"type-product","3":"status-publish","4":"has-post-thumbnail","6":"product_cat-everyday-accessories","7":"product_tag-1219","8":"product_tag-1220","9":"product_tag-1222","10":"product_tag-1221","12":"first","13":"instock","14":"taxable","15":"shipping-taxable","16":"purchasable","17":"product-type-simple","18":"add-to-wishlist-after_add_to_cart"},"acf":[],"jetpack_sharing_enabled":true,"_links":{"self":[{"href":"https:\/\/darvilais.md\/ro\/wp-json\/wp\/v2\/product\/10547","targetHints":{"allow":["GET"]}}],"collection":[{"href":"https:\/\/darvilais.md\/ro\/wp-json\/wp\/v2\/product"}],"about":[{"href":"https:\/\/darvilais.md\/ro\/wp-json\/wp\/v2\/types\/product"}],"wp:featuredmedia":[{"embeddable":true,"href":"https:\/\/darvilais.md\/ro\/wp-json\/wp\/v2\/media\/10551"}],"wp:attachment":[{"href":"https:\/\/darvilais.md\/ro\/wp-json\/wp\/v2\/media?parent=10547"}],"wp:term":[{"taxonomy":"product_brand","embeddable":true,"href":"https:\/\/darvilais.md\/ro\/wp-json\/wp\/v2\/product_brand?post=10547"},{"taxonomy":"product_cat","embeddable":true,"href":"https:\/\/darvilais.md\/ro\/wp-json\/wp\/v2\/product_cat?post=10547"},{"taxonomy":"product_tag","embeddable":true,"href":"https:\/\/darvilais.md\/ro\/wp-json\/wp\/v2\/product_tag?post=10547"}],"curies":[{"name":"wp","href":"https:\/\/api.w.org\/{rel}","templated":true}]}}