{"id":10503,"date":"2025-10-27T19:35:51","date_gmt":"2025-10-27T19:35:51","guid":{"rendered":"https:\/\/darvilais.md\/?post_type=product&#038;p=10503"},"modified":"2025-10-27T19:35:51","modified_gmt":"2025-10-27T19:35:51","slug":"hoco-ac9a-talent-desktop-charger-pd30w","status":"publish","type":"product","link":"https:\/\/darvilais.md\/ro\/produs\/hoco-ac9a-talent-desktop-charger-pd30w\/","title":{"rendered":"Hoco AC9A"},"content":{"rendered":"<h2><strong>Hoco AC9A Talent PD30W (1C2A cu 1 priz\u0103) (UE)<\/strong><\/h2>\n<ul>\n<li class=\"p1\"><strong>Culoare: negru, alb\u00a0<\/strong><\/li>\n<li class=\"p1\"><strong>Tip: \u00eenc\u0103rc\u0103tor de birou cu priz\u0103\u00a0<\/strong><\/li>\n<li class=\"p1\"><strong>Num\u0103r de prize: 1 (UE)\u00a0<\/strong><\/li>\n<li class=\"p1\"><strong>Num\u0103r de porturi: 3 (1\u00d7USB-C + 2\u00d7USB-A)\u00a0<\/strong><\/li>\n<li class=\"p1\"><strong>Putere de \u00eenc\u0103rcare: p\u00e2n\u0103 la 30W (PD30W)\u00a0<\/strong><\/li>\n<li class=\"p1\"><strong>Protocoale acceptate: PD, QC3.0, AFC, SCP\u00a0<\/strong><\/li>\n<li class=\"p1\"><strong>Compatibilitate: smartphone-uri, tablete, laptopuri, electrocasnice\u00a0<\/strong><\/li>\n<li class=\"p1\"><strong>Material carcas\u0103: plastic ABS ignifug\u00a0<\/strong><\/li>\n<li class=\"p1\"><strong>Lungimea cablului de alimentare: 1,5 m\u00a0<\/strong><\/li>\n<li class=\"p1\"><strong>Producator: Hoco\u00a0<\/strong><\/li>\n<\/ul>\n<p><strong><span class=\"s1\">Confirmat: <\/span><a href=\"https:\/\/hocotech.com\/product\/power\/power-strips\/power-strip-ac9a-talent-pd30w-qc3-0-1-socket-eu\/\" target=\"_blank\" rel=\"noopener\">https:\/\/hocotech.com\/product\/power\/power-strips\/power-strip-ac9a-talent-pd30w-qc3-0-1-socket-eu\/<\/a><\/strong><\/p>","protected":false},"excerpt":{"rendered":"<p><em><strong>Hoco AC9A Talent este un \u00eenc\u0103rc\u0103tor de birou cu o priz\u0103 \u0219i trei porturi USB (PD30W). Are un design compact, protec\u021bie la supra\u00eenc\u0103rcare \u0219i suport pentru \u00eenc\u0103rcare rapid\u0103.<\/strong><\/em><\/p>","protected":false},"featured_media":10507,"template":"","meta":{"_acf_changed":false},"product_brand":[286],"product_cat":[244],"product_tag":[1206,1203,1198,1204],"class_list":{"0":"post-10503","1":"product","2":"type-product","3":"status-publish","4":"has-post-thumbnail","6":"product_brand-hoco","7":"product_cat-home-office","8":"product_tag--pd30w","9":"product_tag-1203","10":"product_tag-1198","11":"product_tag---usb","13":"first","14":"instock","15":"taxable","16":"shipping-taxable","17":"purchasable","18":"product-type-variable","19":"add-to-wishlist-after_add_to_cart"},"acf":[],"jetpack_sharing_enabled":true,"_links":{"self":[{"href":"https:\/\/darvilais.md\/ro\/wp-json\/wp\/v2\/product\/10503","targetHints":{"allow":["GET"]}}],"collection":[{"href":"https:\/\/darvilais.md\/ro\/wp-json\/wp\/v2\/product"}],"about":[{"href":"https:\/\/darvilais.md\/ro\/wp-json\/wp\/v2\/types\/product"}],"wp:featuredmedia":[{"embeddable":true,"href":"https:\/\/darvilais.md\/ro\/wp-json\/wp\/v2\/media\/10507"}],"wp:attachment":[{"href":"https:\/\/darvilais.md\/ro\/wp-json\/wp\/v2\/media?parent=10503"}],"wp:term":[{"taxonomy":"product_brand","embeddable":true,"href":"https:\/\/darvilais.md\/ro\/wp-json\/wp\/v2\/product_brand?post=10503"},{"taxonomy":"product_cat","embeddable":true,"href":"https:\/\/darvilais.md\/ro\/wp-json\/wp\/v2\/product_cat?post=10503"},{"taxonomy":"product_tag","embeddable":true,"href":"https:\/\/darvilais.md\/ro\/wp-json\/wp\/v2\/product_tag?post=10503"}],"curies":[{"name":"wp","href":"https:\/\/api.w.org\/{rel}","templated":true}]}}