{"id":10485,"date":"2025-10-27T19:12:03","date_gmt":"2025-10-27T19:12:03","guid":{"rendered":"https:\/\/darvilais.md\/?post_type=product&#038;p=10485"},"modified":"2025-10-27T19:14:09","modified_gmt":"2025-10-27T19:14:09","slug":"hoco-ac10a-barry-desktop-charger-pd65w","status":"publish","type":"product","link":"https:\/\/darvilais.md\/ro\/produs\/hoco-ac10a-barry-desktop-charger-pd65w\/","title":{"rendered":"Hoco AC10A"},"content":{"rendered":"<h2><strong>\u00cenc\u0103rc\u0103tor de birou Hoco AC10A Barry PD65W (2C2A cu 1 priz\u0103) (UE)<\/strong><\/h2>\n<ul>\n<li class=\"p1\"><strong>Culoare: alb\u00a0<\/strong><\/li>\n<li class=\"p1\"><strong>Tip: \u00eenc\u0103rc\u0103tor de birou cu priz\u0103\u00a0<\/strong><\/li>\n<li class=\"p1\"><strong>Num\u0103r de porturi: 4 (2\u00d7USB-C + 2\u00d7USB-A)\u00a0<\/strong><\/li>\n<li class=\"p1\"><strong>Putere maxim\u0103: p\u00e2n\u0103 la 65 W (PD65W)\u00a0<\/strong><\/li>\n<li class=\"p1\"><strong>Protocoale acceptate: PD, QC3.0, AFC, SCP\u00a0<\/strong><\/li>\n<li class=\"p1\"><strong>Compatibilitate: laptopuri, smartphone-uri, tablete \u0219i alte dispozitive\u00a0<\/strong><\/li>\n<li class=\"p1\"><strong>Priz\u0103 suplimentar\u0103: 1 buc. (UE)\u00a0<\/strong><\/li>\n<li class=\"p1\"><strong>Material carcas\u0103: plastic ABS ignifug\u00a0<\/strong><\/li>\n<li class=\"p1\"><strong>Lungimea cablului de alimentare: 1,5 m\u00a0<\/strong><\/li>\n<li class=\"p1\"><strong>Producator: Hoco\u00a0<\/strong><\/li>\n<\/ul>\n<p><strong><span class=\"s1\">Confirmat: <\/span><a href=\"https:\/\/hocotech.com\/product\/power\/power-strips\/power-strip-ac10a-barry-pd65w-gan-qc3-0-1-socket-eu\/\" target=\"_blank\" rel=\"noopener\">https:\/\/hocotech.com\/product\/power\/power-strips\/power-strip-ac10a-barry-pd65w-gan-qc3-0-1-socket-eu\/<\/a><\/strong><\/p>","protected":false},"excerpt":{"rendered":"<p><strong><em>Hoco AC10A Barry este un \u00eenc\u0103rc\u0103tor de birou puternic PD65W cu 2 porturi USB-C, 2 porturi USB-A \u0219i o priz\u0103 de alimentare \u00eencorporat\u0103. Potrivit pentru laptopuri, smartphone-uri \u0219i tablete.<\/em><\/strong><\/p>","protected":false},"featured_media":10489,"template":"","meta":{"_acf_changed":false},"product_brand":[286],"product_cat":[244],"product_tag":[1200,1199,1201,1198],"class_list":{"0":"post-10485","1":"product","2":"type-product","3":"status-publish","4":"has-post-thumbnail","6":"product_brand-hoco","7":"product_cat-home-office","8":"product_tag----usb","9":"product_tag-1199","10":"product_tag----pd","11":"product_tag-1198","13":"first","14":"instock","15":"taxable","16":"shipping-taxable","17":"purchasable","18":"product-type-simple","19":"add-to-wishlist-after_add_to_cart"},"acf":[],"jetpack_sharing_enabled":true,"_links":{"self":[{"href":"https:\/\/darvilais.md\/ro\/wp-json\/wp\/v2\/product\/10485","targetHints":{"allow":["GET"]}}],"collection":[{"href":"https:\/\/darvilais.md\/ro\/wp-json\/wp\/v2\/product"}],"about":[{"href":"https:\/\/darvilais.md\/ro\/wp-json\/wp\/v2\/types\/product"}],"wp:featuredmedia":[{"embeddable":true,"href":"https:\/\/darvilais.md\/ro\/wp-json\/wp\/v2\/media\/10489"}],"wp:attachment":[{"href":"https:\/\/darvilais.md\/ro\/wp-json\/wp\/v2\/media?parent=10485"}],"wp:term":[{"taxonomy":"product_brand","embeddable":true,"href":"https:\/\/darvilais.md\/ro\/wp-json\/wp\/v2\/product_brand?post=10485"},{"taxonomy":"product_cat","embeddable":true,"href":"https:\/\/darvilais.md\/ro\/wp-json\/wp\/v2\/product_cat?post=10485"},{"taxonomy":"product_tag","embeddable":true,"href":"https:\/\/darvilais.md\/ro\/wp-json\/wp\/v2\/product_tag?post=10485"}],"curies":[{"name":"wp","href":"https:\/\/api.w.org\/{rel}","templated":true}]}}