{"id":10479,"date":"2025-10-27T19:00:35","date_gmt":"2025-10-27T19:00:35","guid":{"rendered":"https:\/\/darvilais.md\/?post_type=product&#038;p=10479"},"modified":"2025-10-27T19:00:35","modified_gmt":"2025-10-27T19:00:35","slug":"hoco-ns8-sharp-desktop-socket","status":"publish","type":"product","link":"https:\/\/darvilais.md\/ro\/produs\/hoco-ns8-sharp-desktop-socket\/","title":{"rendered":"Hoco NS8"},"content":{"rendered":"<h2><strong>Priz\u0103 de birou Hoco NS8 Sharp cu 5 pozi\u021bii (EU\/GER)<\/strong><\/h2>\n<ul>\n<li class=\"p1\"><strong>Culoare: negru\u00a0<\/strong><\/li>\n<li class=\"p1\"><strong>Tip: prelungitor de birou cu prize \u0219i USB\u00a0<\/strong><\/li>\n<li class=\"p1\"><strong>Num\u0103r de prize: 5\u00a0<\/strong><\/li>\n<li class=\"p1\"><strong>Porturi USB: 1\u00d7Tip C + 3\u00d7USB-A\u00a0<\/strong><\/li>\n<li class=\"p1\"><strong>Putere de \u00eenc\u0103rcare rapid\u0103: p\u00e2n\u0103 la 20W (PD20W)\u00a0<\/strong><\/li>\n<li class=\"p1\"><strong>Standard priz\u0103: UE\/GER\u00a0<\/strong><\/li>\n<li class=\"p1\"><strong>Lungimea cablului: 1,8 m\u00a0<\/strong><\/li>\n<li class=\"p1\"><strong>Material carcas\u0103: plastic ABS ignifug\u00a0<\/strong><\/li>\n<li class=\"p1\"><strong>Protec\u021bie: suprasarcin\u0103 \u0219i scurtcircuit\u00a0<\/strong><\/li>\n<li class=\"p1\"><strong>Producator: Hoco<\/strong><\/li>\n<\/ul>","protected":false},"excerpt":{"rendered":"<p><em><strong>Hoco NS8 Sharp este un prelungitor de birou cu 5 prize \u0219i porturi USB (1C3A), suport PD20W, protec\u021bie la supra\u00eenc\u0103rcare \u0219i o carcas\u0103 ignifug\u0103.<\/strong><\/em><\/p>","protected":false},"featured_media":10483,"template":"","meta":{"_acf_changed":false},"product_brand":[286],"product_cat":[244],"product_tag":[1196,1193,1194,1197],"class_list":{"0":"post-10479","1":"product","2":"type-product","3":"status-publish","4":"has-post-thumbnail","6":"product_brand-hoco","7":"product_cat-home-office","8":"product_tag-1196","9":"product_tag---usb","10":"product_tag-1194","11":"product_tag-1197","13":"first","14":"instock","15":"sale","16":"taxable","17":"shipping-taxable","18":"purchasable","19":"product-type-simple","20":"add-to-wishlist-after_add_to_cart"},"acf":[],"jetpack_sharing_enabled":true,"_links":{"self":[{"href":"https:\/\/darvilais.md\/ro\/wp-json\/wp\/v2\/product\/10479","targetHints":{"allow":["GET"]}}],"collection":[{"href":"https:\/\/darvilais.md\/ro\/wp-json\/wp\/v2\/product"}],"about":[{"href":"https:\/\/darvilais.md\/ro\/wp-json\/wp\/v2\/types\/product"}],"wp:featuredmedia":[{"embeddable":true,"href":"https:\/\/darvilais.md\/ro\/wp-json\/wp\/v2\/media\/10483"}],"wp:attachment":[{"href":"https:\/\/darvilais.md\/ro\/wp-json\/wp\/v2\/media?parent=10479"}],"wp:term":[{"taxonomy":"product_brand","embeddable":true,"href":"https:\/\/darvilais.md\/ro\/wp-json\/wp\/v2\/product_brand?post=10479"},{"taxonomy":"product_cat","embeddable":true,"href":"https:\/\/darvilais.md\/ro\/wp-json\/wp\/v2\/product_cat?post=10479"},{"taxonomy":"product_tag","embeddable":true,"href":"https:\/\/darvilais.md\/ro\/wp-json\/wp\/v2\/product_tag?post=10479"}],"curies":[{"name":"wp","href":"https:\/\/api.w.org\/{rel}","templated":true}]}}