{"id":10473,"date":"2025-10-27T12:02:00","date_gmt":"2025-10-27T12:02:00","guid":{"rendered":"https:\/\/darvilais.md\/?post_type=product&#038;p=10473"},"modified":"2025-10-27T12:02:21","modified_gmt":"2025-10-27T12:02:21","slug":"hoco-ns1-aura-extension-socket-pd20w","status":"publish","type":"product","link":"https:\/\/darvilais.md\/ro\/produs\/hoco-ns1-aura-extension-socket-pd20w\/","title":{"rendered":"Hoco NS1"},"content":{"rendered":"<h2><strong>Cablu prelungitor Hoco NS1 Aura cu muf\u0103 de 4 bi\u021bi (UE)<\/strong><\/h2>\n<ul>\n<li class=\"p1\"><strong>Culoare: alb\u00a0<\/strong><\/li>\n<li class=\"p1\"><strong>Tip: Prelungitor cu prize \u0219i porturi USB\u00a0<\/strong><\/li>\n<li class=\"p1\"><strong>Num\u0103r de prize: 4\u00a0<\/strong><\/li>\n<li class=\"p1\"><strong>Porturi USB: 1\u00d7Tip C + 2\u00d7USB-A\u00a0<\/strong><\/li>\n<li class=\"p1\"><strong>Putere de \u00eenc\u0103rcare rapid\u0103: p\u00e2n\u0103 la 20W (PD20W)\u00a0<\/strong><\/li>\n<li class=\"p1\"><strong>Lungimea cablului: 1,8 m\u00a0<\/strong><\/li>\n<li class=\"p1\"><strong>Material carcas\u0103: plastic ABS ignifug\u00a0<\/strong><\/li>\n<li class=\"p1\"><strong>Protec\u021bie: suprasarcin\u0103 \u0219i scurtcircuit\u00a0<\/strong><\/li>\n<li class=\"p1\"><strong>Producator: Hoco\u00a0<\/strong><\/li>\n<\/ul>\n<p><strong><span class=\"s1\">Confirmat: <\/span><a href=\"https:\/\/hocotech.com\/product\/power\/power-strips\/extension-socket-ns1-aura-4-bit-pd20w-eu-ger\/\" target=\"_blank\" rel=\"noopener\">https:\/\/hocotech.com\/product\/power\/power-strips\/extension-socket-ns1-aura-4-bit-pd20w-eu-ger\/<\/a><\/strong><\/p>","protected":false},"excerpt":{"rendered":"<p><em><strong>Hoco NS1 Aura este un prelungitor elegant cu 4 prize, porturi USB \u0219i suport pentru \u00eenc\u0103rcare rapid\u0103 PD20W, potrivit pentru acas\u0103 \u0219i birou.<\/strong><\/em><\/p>","protected":false},"featured_media":10477,"template":"","meta":{"_acf_changed":false},"product_brand":[286],"product_cat":[244],"product_tag":[1193,1194,1192,1195],"class_list":{"0":"post-10473","1":"product","2":"type-product","3":"status-publish","4":"has-post-thumbnail","6":"product_brand-hoco","7":"product_cat-home-office","8":"product_tag---usb","9":"product_tag-1194","10":"product_tag--hoco","11":"product_tag---pd-","13":"first","14":"instock","15":"taxable","16":"shipping-taxable","17":"purchasable","18":"product-type-simple","19":"add-to-wishlist-after_add_to_cart"},"acf":[],"jetpack_sharing_enabled":true,"_links":{"self":[{"href":"https:\/\/darvilais.md\/ro\/wp-json\/wp\/v2\/product\/10473","targetHints":{"allow":["GET"]}}],"collection":[{"href":"https:\/\/darvilais.md\/ro\/wp-json\/wp\/v2\/product"}],"about":[{"href":"https:\/\/darvilais.md\/ro\/wp-json\/wp\/v2\/types\/product"}],"wp:featuredmedia":[{"embeddable":true,"href":"https:\/\/darvilais.md\/ro\/wp-json\/wp\/v2\/media\/10477"}],"wp:attachment":[{"href":"https:\/\/darvilais.md\/ro\/wp-json\/wp\/v2\/media?parent=10473"}],"wp:term":[{"taxonomy":"product_brand","embeddable":true,"href":"https:\/\/darvilais.md\/ro\/wp-json\/wp\/v2\/product_brand?post=10473"},{"taxonomy":"product_cat","embeddable":true,"href":"https:\/\/darvilais.md\/ro\/wp-json\/wp\/v2\/product_cat?post=10473"},{"taxonomy":"product_tag","embeddable":true,"href":"https:\/\/darvilais.md\/ro\/wp-json\/wp\/v2\/product_tag?post=10473"}],"curies":[{"name":"wp","href":"https:\/\/api.w.org\/{rel}","templated":true}]}}