{"id":10450,"date":"2025-10-26T16:53:37","date_gmt":"2025-10-26T16:53:37","guid":{"rendered":"https:\/\/darvilais.md\/?post_type=product&#038;p=10450"},"modified":"2025-10-26T16:53:37","modified_gmt":"2025-10-26T16:53:37","slug":"hoco-hn27-headphones-stand","status":"publish","type":"product","link":"https:\/\/darvilais.md\/ro\/produs\/hoco-hn27-headphones-stand\/","title":{"rendered":"Hoco HN27"},"content":{"rendered":"<h2><strong>Suport de afi\u0219are pentru c\u0103\u0219ti Hoco HN27<\/strong><\/h2>\n<ul>\n<li class=\"p1\"><strong>Culoare: gri<\/strong><\/li>\n<li class=\"p1\"><strong>Tip: suport pentru c\u0103\u0219ti de birou<\/strong><\/li>\n<li class=\"p1\"><strong>Material: metal + inser\u021bii moi pentru protejarea perni\u021belor urechii<\/strong><\/li>\n<li class=\"p1\"><strong>Dimensiuni: Compact (se potrive\u0219te majorit\u0103\u021bii c\u0103\u0219tilor)<\/strong><\/li>\n<li class=\"p1\"><strong>Greutate: Design u\u0219or pentru blat de mas\u0103<\/strong><\/li>\n<li class=\"p1\"><strong>Caracteristici: Baz\u0103 antiderapant\u0103, design pliabil, rezistent la zg\u00e2rieturi<\/strong><\/li>\n<li class=\"p1\"><strong>Compatibilitate: c\u0103\u0219ti de dimensiuni normale \u0219i pentru monitor<\/strong><\/li>\n<li class=\"p1\"><strong>Producator: Hoco<\/strong><\/li>\n<\/ul>","protected":false},"excerpt":{"rendered":"<p><em><strong>Hoco HN27 este un suport durabil \u0219i compact care protejeaz\u0103 c\u0103\u0219tile de zg\u00e2rieturi \u0219i economise\u0219te spa\u021biu pe birou.<\/strong><\/em><\/p>","protected":false},"featured_media":10453,"template":"","meta":{"_acf_changed":false},"product_brand":[286],"product_cat":[244],"product_tag":[532,626,1188,1187],"class_list":{"0":"post-10450","1":"product","2":"type-product","3":"status-publish","4":"has-post-thumbnail","6":"product_brand-hoco","7":"product_cat-home-office","8":"product_tag-532","9":"product_tag-626","10":"product_tag-1188","11":"product_tag-1187","13":"first","14":"instock","15":"taxable","16":"shipping-taxable","17":"purchasable","18":"product-type-simple","19":"add-to-wishlist-after_add_to_cart"},"acf":[],"jetpack_sharing_enabled":true,"_links":{"self":[{"href":"https:\/\/darvilais.md\/ro\/wp-json\/wp\/v2\/product\/10450","targetHints":{"allow":["GET"]}}],"collection":[{"href":"https:\/\/darvilais.md\/ro\/wp-json\/wp\/v2\/product"}],"about":[{"href":"https:\/\/darvilais.md\/ro\/wp-json\/wp\/v2\/types\/product"}],"wp:featuredmedia":[{"embeddable":true,"href":"https:\/\/darvilais.md\/ro\/wp-json\/wp\/v2\/media\/10453"}],"wp:attachment":[{"href":"https:\/\/darvilais.md\/ro\/wp-json\/wp\/v2\/media?parent=10450"}],"wp:term":[{"taxonomy":"product_brand","embeddable":true,"href":"https:\/\/darvilais.md\/ro\/wp-json\/wp\/v2\/product_brand?post=10450"},{"taxonomy":"product_cat","embeddable":true,"href":"https:\/\/darvilais.md\/ro\/wp-json\/wp\/v2\/product_cat?post=10450"},{"taxonomy":"product_tag","embeddable":true,"href":"https:\/\/darvilais.md\/ro\/wp-json\/wp\/v2\/product_tag?post=10450"}],"curies":[{"name":"wp","href":"https:\/\/api.w.org\/{rel}","templated":true}]}}