{"id":10438,"date":"2025-10-26T16:22:43","date_gmt":"2025-10-26T16:22:43","guid":{"rendered":"https:\/\/darvilais.md\/?post_type=product&#038;p=10438"},"modified":"2025-10-26T16:22:44","modified_gmt":"2025-10-26T16:22:44","slug":"hoco-dck1-clock-wireless-charging","status":"publish","type":"product","link":"https:\/\/darvilais.md\/ro\/produs\/hoco-dck1-clock-wireless-charging\/","title":{"rendered":"Hoco DCK1"},"content":{"rendered":"<h2><strong>Ceas Hoco DCK1 cu \u00eenc\u0103rcare wireless (versiune din plastic)\u00a0<\/strong><\/h2>\n<ul>\n<li class=\"p1\"><strong>Culoare: negru\u00a0<\/strong><\/li>\n<li class=\"p1\"><strong>Tip: ceas de mas\u0103 cu \u00eenc\u0103rcare wireless\u00a0<\/strong><\/li>\n<li class=\"p1\"><strong>Compatibilitate: Dispozitive compatibile cu Qi\u00a0<\/strong><\/li>\n<li class=\"p1\"><strong>Putere de \u00eenc\u0103rcare: p\u00e2n\u0103 la 15W\u00a0<\/strong><\/li>\n<li class=\"p1\"><strong>Materialul corpului: plastic\u00a0<\/strong><\/li>\n<li class=\"p1\"><strong>Caracteristici suplimentare: afi\u0219aj LED, ceas de\u0219tept\u0103tor, suport pentru \u00eenc\u0103rcarea wireless a smartphone-urilor\u00a0<\/strong><\/li>\n<li class=\"p1\"><strong>Producator: Hoco<\/strong><\/li>\n<\/ul>","protected":false},"excerpt":{"rendered":"<p><strong><em>Ceasul de birou Hoco DCK1 combin\u0103 func\u021biile unui ceas, ale unui ceas de\u0219tept\u0103tor \u0219i ale \u00eenc\u0103rc\u0103rii wireless - o solu\u021bie elegant\u0103 \u0219i convenabil\u0103 pentru acas\u0103 sau la birou.<\/em><\/strong><\/p>","protected":false},"featured_media":10444,"template":"","meta":{"_acf_changed":false},"product_brand":[286],"product_cat":[244],"product_tag":[257,1183,1182,1184],"class_list":{"0":"post-10438","1":"product","2":"type-product","3":"status-publish","4":"has-post-thumbnail","6":"product_brand-hoco","7":"product_cat-home-office","8":"product_tag-257","9":"product_tag-1183","10":"product_tag-1182","11":"product_tag-1184","13":"first","14":"instock","15":"sale","16":"taxable","17":"shipping-taxable","18":"purchasable","19":"product-type-simple","20":"add-to-wishlist-after_add_to_cart"},"acf":[],"jetpack_sharing_enabled":true,"_links":{"self":[{"href":"https:\/\/darvilais.md\/ro\/wp-json\/wp\/v2\/product\/10438","targetHints":{"allow":["GET"]}}],"collection":[{"href":"https:\/\/darvilais.md\/ro\/wp-json\/wp\/v2\/product"}],"about":[{"href":"https:\/\/darvilais.md\/ro\/wp-json\/wp\/v2\/types\/product"}],"wp:featuredmedia":[{"embeddable":true,"href":"https:\/\/darvilais.md\/ro\/wp-json\/wp\/v2\/media\/10444"}],"wp:attachment":[{"href":"https:\/\/darvilais.md\/ro\/wp-json\/wp\/v2\/media?parent=10438"}],"wp:term":[{"taxonomy":"product_brand","embeddable":true,"href":"https:\/\/darvilais.md\/ro\/wp-json\/wp\/v2\/product_brand?post=10438"},{"taxonomy":"product_cat","embeddable":true,"href":"https:\/\/darvilais.md\/ro\/wp-json\/wp\/v2\/product_cat?post=10438"},{"taxonomy":"product_tag","embeddable":true,"href":"https:\/\/darvilais.md\/ro\/wp-json\/wp\/v2\/product_tag?post=10438"}],"curies":[{"name":"wp","href":"https:\/\/api.w.org\/{rel}","templated":true}]}}