{"id":10431,"date":"2025-10-26T16:09:32","date_gmt":"2025-10-26T16:09:32","guid":{"rendered":"https:\/\/darvilais.md\/?post_type=product&#038;p=10431"},"modified":"2025-10-26T16:09:32","modified_gmt":"2025-10-26T16:09:32","slug":"xo-cr05-magic-bulb-camera-wifi-bluetooth","status":"publish","type":"product","link":"https:\/\/darvilais.md\/ro\/produs\/xo-cr05-magic-bulb-camera-wifi-bluetooth\/","title":{"rendered":"XO CR05"},"content":{"rendered":"<h2><strong>Bec magic \u00eembun\u0103t\u0103\u021bit XO CR05 cu camer\u0103 Pixel de 300W\u00a0<\/strong><\/h2>\n<ul>\n<li class=\"p1\"><strong>Culoare: alb\u00a0<\/strong><\/li>\n<li class=\"p1\"><strong>Tip: Camer\u0103 cu lamp\u0103 cu Wi-Fi \u0219i Bluetooth\u00a0<\/strong><\/li>\n<li class=\"p1\"><strong>Conexiune: Wi-Fi wireless 2.4G + Bluetooth\u00a0<\/strong><\/li>\n<li class=\"p1\"><strong>Soclu: soclu standard E27\u00a0<\/strong><\/li>\n<li class=\"p1\"><strong>Rezolu\u021bie: 300W pixeli (calitate HD)\u00a0<\/strong><\/li>\n<li class=\"p1\"><strong>Caracteristici: Instalare ascuns\u0103, suport pentru aplica\u021bii, control smartphone\u00a0<\/strong><\/li>\n<li class=\"p1\"><strong>Produc\u0103tor: XO\u00a0<\/strong><\/li>\n<\/ul>\n<p><strong><span class=\"s1\">Confirmat: <\/span><a href=\"https:\/\/www.facebook.com\/XOofficialAccount\/posts\/xo-cr05-upgraded-magic-bulb-300w-pixel-camera-24g-wireless-wifibluetooth-with-ne\/488974943644365\/\" target=\"_blank\" rel=\"noopener\">https:\/\/www.facebook.com\/XOofficialAccount\/posts\/xo-cr05-upgraded-magic-bulb-300w-pixel-camera-24g-wireless-wifibluetooth-with-ne\/488974943644365\/<\/a><\/strong><\/p>","protected":false},"excerpt":{"rendered":"<p><strong><em>Becul XO CR05 Magic Bulb este un bec modern cu camer\u0103, Wi-Fi \u0219i Bluetooth, care ofer\u0103 supraveghere video \u0219i control convenabil prin aplica\u021bie.<\/em><\/strong><\/p>","protected":false},"featured_media":10436,"template":"","meta":{"_acf_changed":false},"product_brand":[301],"product_cat":[244],"product_tag":[1177,1180,1181,1171],"class_list":{"0":"post-10431","1":"product","2":"type-product","3":"status-publish","4":"has-post-thumbnail","6":"product_brand-xo","7":"product_cat-home-office","8":"product_tag-wi-fi-","9":"product_tag-1180","10":"product_tag-1181","11":"product_tag-1171","13":"first","14":"instock","15":"taxable","16":"shipping-taxable","17":"purchasable","18":"product-type-simple","19":"add-to-wishlist-after_add_to_cart"},"acf":[],"jetpack_sharing_enabled":true,"_links":{"self":[{"href":"https:\/\/darvilais.md\/ro\/wp-json\/wp\/v2\/product\/10431","targetHints":{"allow":["GET"]}}],"collection":[{"href":"https:\/\/darvilais.md\/ro\/wp-json\/wp\/v2\/product"}],"about":[{"href":"https:\/\/darvilais.md\/ro\/wp-json\/wp\/v2\/types\/product"}],"wp:featuredmedia":[{"embeddable":true,"href":"https:\/\/darvilais.md\/ro\/wp-json\/wp\/v2\/media\/10436"}],"wp:attachment":[{"href":"https:\/\/darvilais.md\/ro\/wp-json\/wp\/v2\/media?parent=10431"}],"wp:term":[{"taxonomy":"product_brand","embeddable":true,"href":"https:\/\/darvilais.md\/ro\/wp-json\/wp\/v2\/product_brand?post=10431"},{"taxonomy":"product_cat","embeddable":true,"href":"https:\/\/darvilais.md\/ro\/wp-json\/wp\/v2\/product_cat?post=10431"},{"taxonomy":"product_tag","embeddable":true,"href":"https:\/\/darvilais.md\/ro\/wp-json\/wp\/v2\/product_tag?post=10431"}],"curies":[{"name":"wp","href":"https:\/\/api.w.org\/{rel}","templated":true}]}}