{"id":10398,"date":"2025-10-26T09:40:17","date_gmt":"2025-10-26T09:40:17","guid":{"rendered":"https:\/\/darvilais.md\/?post_type=product&#038;p=10398"},"modified":"2025-10-26T09:40:18","modified_gmt":"2025-10-26T09:40:18","slug":"hoco-di76-feather-dual-camera","status":"publish","type":"product","link":"https:\/\/darvilais.md\/ro\/produs\/hoco-di76-feather-dual-camera\/","title":{"rendered":"Hoco DI76"},"content":{"rendered":"<h2><strong>Camer\u0103 de supraveghere inteligent\u0103 Hoco DI76 Feather cu camer\u0103 dubl\u0103<\/strong><\/h2>\n<ul>\n<li class=\"p1\"><strong>Culoare: negru<\/strong><\/li>\n<li class=\"p1\"><strong>Tip: Camer\u0103 CCTV inteligent\u0103 cu dou\u0103 lentile<\/strong><\/li>\n<li class=\"p1\"><strong>Rezolu\u021bie: Full HD 1080p (fiecare modul)<\/strong><\/li>\n<li class=\"p1\"><strong>Unghi de vizualizare: larg (combinat)<\/strong><\/li>\n<li class=\"p1\"><strong>Conexiune: Wi-Fi<\/strong><\/li>\n<li class=\"p1\"><strong>Caracteristici: Viziune nocturn\u0103, detectare mi\u0219care, audio bidirec\u021bional, \u00eenregistrare programat\u0103<\/strong><\/li>\n<li class=\"p1\"><strong>Stocare: suport microSD (cardul nu este inclus)<\/strong><\/li>\n<li class=\"p1\"><strong>Alimentare: USB \/ adaptor<\/strong><\/li>\n<li class=\"p1\"><strong>Compatibilitate: Android, iOS, PC (prin aplica\u021bie)<\/strong><\/li>\n<li class=\"p1\"><strong>Producator: Hoco<\/strong><\/li>\n<\/ul>","protected":false},"excerpt":{"rendered":"<p><strong><em>Camera cu lentil\u0103 dubl\u0103 Hoco DI76 Feather ofer\u0103 vizibilitate extins\u0103 \u0219i monitorizare 24\/7 cu vedere nocturn\u0103 \u0219i alerte instantanee de mi\u0219care.<\/em><\/strong><\/p>","protected":false},"featured_media":10399,"template":"","meta":{"_acf_changed":false},"product_brand":[286],"product_cat":[244],"product_tag":[1175,1174,686,1173],"class_list":{"0":"post-10398","1":"product","2":"type-product","3":"status-publish","4":"has-post-thumbnail","6":"product_brand-hoco","7":"product_cat-home-office","8":"product_tag-1175","9":"product_tag-1174","10":"product_tag-686","11":"product_tag-1173","13":"first","14":"instock","15":"taxable","16":"shipping-taxable","17":"purchasable","18":"product-type-simple","19":"add-to-wishlist-after_add_to_cart"},"acf":[],"jetpack_sharing_enabled":true,"_links":{"self":[{"href":"https:\/\/darvilais.md\/ro\/wp-json\/wp\/v2\/product\/10398","targetHints":{"allow":["GET"]}}],"collection":[{"href":"https:\/\/darvilais.md\/ro\/wp-json\/wp\/v2\/product"}],"about":[{"href":"https:\/\/darvilais.md\/ro\/wp-json\/wp\/v2\/types\/product"}],"wp:featuredmedia":[{"embeddable":true,"href":"https:\/\/darvilais.md\/ro\/wp-json\/wp\/v2\/media\/10399"}],"wp:attachment":[{"href":"https:\/\/darvilais.md\/ro\/wp-json\/wp\/v2\/media?parent=10398"}],"wp:term":[{"taxonomy":"product_brand","embeddable":true,"href":"https:\/\/darvilais.md\/ro\/wp-json\/wp\/v2\/product_brand?post=10398"},{"taxonomy":"product_cat","embeddable":true,"href":"https:\/\/darvilais.md\/ro\/wp-json\/wp\/v2\/product_cat?post=10398"},{"taxonomy":"product_tag","embeddable":true,"href":"https:\/\/darvilais.md\/ro\/wp-json\/wp\/v2\/product_tag?post=10398"}],"curies":[{"name":"wp","href":"https:\/\/api.w.org\/{rel}","templated":true}]}}