{"id":10375,"date":"2025-10-20T20:06:20","date_gmt":"2025-10-20T20:06:20","guid":{"rendered":"https:\/\/darvilais.md\/?post_type=product&#038;p=10375"},"modified":"2025-10-20T20:06:20","modified_gmt":"2025-10-20T20:06:20","slug":"kingston-datatraveler-se9-g3-64gb-usb32","status":"publish","type":"product","link":"https:\/\/darvilais.md\/ro\/produs\/kingston-datatraveler-se9-g3-64gb-usb32\/","title":{"rendered":"Kingston SE9 G3 64GB"},"content":{"rendered":"<h2><strong>Unitate flash USB 3.2 Kingston DataTraveler SE9 G3 64GB\u00a0<\/strong><\/h2>\n<ul>\n<li class=\"p1\"><strong>Culoare: auriu\u00a0<\/strong><\/li>\n<li class=\"p1\"><strong>Tip: Unitate flash USB 3.2\u00a0<\/strong><\/li>\n<li class=\"p1\"><strong>Capacitate: 64 GB\u00a0<\/strong><\/li>\n<li class=\"p1\"><strong>Materialul corpului: metal\u00a0<\/strong><\/li>\n<li class=\"p1\"><strong>Vitez\u0103 de citire: p\u00e2n\u0103 la 220 MB\/s\u00a0<\/strong><\/li>\n<li class=\"p1\"><strong>Vitez\u0103 de scriere: p\u00e2n\u0103 la 100 MB\/s\u00a0<\/strong><\/li>\n<li class=\"p1\"><strong>Caracteristici: Inel de chei, corp complet metalic f\u0103r\u0103 capac\u00a0<\/strong><\/li>\n<li class=\"p1\"><strong>Compatibilitate: dispozitive cu port USB-A\u00a0<\/strong><\/li>\n<li class=\"p1\"><strong>Produc\u0103tor: Kingston\u00a0<\/strong><\/li>\n<\/ul>\n<p><strong><span class=\"s1\">Confirmat: <\/span><a href=\"https:\/\/www.kingston.com\/unitedkingdom\/en\/usb-flash-drives\/datatraveler-dtse9g3-gold\" target=\"_blank\" rel=\"noopener\">https:\/\/www.kingston.com\/unitedkingdom\/en\/usb-flash-drives\/datatraveler-dtse9g3-gold<\/a><\/strong><\/p>","protected":false},"excerpt":{"rendered":"<p><em><strong>Unitatea flash Kingston DataTraveler SE9 G3 de 64 GB este o unitate flash compact\u0103 din metal, cu inel pentru chei \u0219i viteze mari de transfer de date.<\/strong><\/em><\/p>","protected":false},"featured_media":10378,"template":"","meta":{"_acf_changed":false},"product_brand":[1147],"product_cat":[243],"product_tag":[1140,1164,675,680],"class_list":{"0":"post-10375","1":"product","2":"type-product","3":"status-publish","4":"has-post-thumbnail","6":"product_brand-kingston","7":"product_cat-cards-flash-drives","8":"product_tag-64gb","9":"product_tag-usb-","10":"product_tag-675","11":"product_tag-680","13":"first","14":"instock","15":"sale","16":"taxable","17":"shipping-taxable","18":"purchasable","19":"product-type-simple","20":"add-to-wishlist-after_add_to_cart"},"acf":[],"jetpack_sharing_enabled":true,"_links":{"self":[{"href":"https:\/\/darvilais.md\/ro\/wp-json\/wp\/v2\/product\/10375","targetHints":{"allow":["GET"]}}],"collection":[{"href":"https:\/\/darvilais.md\/ro\/wp-json\/wp\/v2\/product"}],"about":[{"href":"https:\/\/darvilais.md\/ro\/wp-json\/wp\/v2\/types\/product"}],"wp:featuredmedia":[{"embeddable":true,"href":"https:\/\/darvilais.md\/ro\/wp-json\/wp\/v2\/media\/10378"}],"wp:attachment":[{"href":"https:\/\/darvilais.md\/ro\/wp-json\/wp\/v2\/media?parent=10375"}],"wp:term":[{"taxonomy":"product_brand","embeddable":true,"href":"https:\/\/darvilais.md\/ro\/wp-json\/wp\/v2\/product_brand?post=10375"},{"taxonomy":"product_cat","embeddable":true,"href":"https:\/\/darvilais.md\/ro\/wp-json\/wp\/v2\/product_cat?post=10375"},{"taxonomy":"product_tag","embeddable":true,"href":"https:\/\/darvilais.md\/ro\/wp-json\/wp\/v2\/product_tag?post=10375"}],"curies":[{"name":"wp","href":"https:\/\/api.w.org\/{rel}","templated":true}]}}