{"id":10371,"date":"2025-10-20T20:00:10","date_gmt":"2025-10-20T20:00:10","guid":{"rendered":"https:\/\/darvilais.md\/?post_type=product&#038;p=10371"},"modified":"2025-10-20T20:00:11","modified_gmt":"2025-10-20T20:00:11","slug":"kingston-datatraveler-kyson-512gb-usb32","status":"publish","type":"product","link":"https:\/\/darvilais.md\/ro\/produs\/kingston-datatraveler-kyson-512gb-usb32\/","title":{"rendered":"Kingston Kyson 512GB"},"content":{"rendered":"<h2><strong>Unitate flash USB 3.2 Kingston DataTraveler Kyson 512GB<\/strong><\/h2>\n<ul>\n<li class=\"p1\"><strong>Culoare: argintiu<\/strong><\/li>\n<li class=\"p1\"><strong>Tip: Unitate flash USB 3.2<\/strong><\/li>\n<li class=\"p1\"><strong>Capacitate: 512 GB<\/strong><\/li>\n<li class=\"p1\"><strong>Materialul corpului: metal<\/strong><\/li>\n<li class=\"p1\"><strong>Vitez\u0103 de citire: p\u00e2n\u0103 la 200 MB\/s<\/strong><\/li>\n<li class=\"p1\"><strong>Vitez\u0103 de scriere: p\u00e2n\u0103 la 60 MB\/s<\/strong><\/li>\n<li class=\"p1\"><strong>Caracteristici: Breloc, carcas\u0103 compact\u0103 f\u0103r\u0103 capac<\/strong><\/li>\n<li class=\"p1\"><strong>Compatibilitate: dispozitive cu port USB-A<\/strong><\/li>\n<li class=\"p1\"><strong>Produc\u0103tor: Kingston<\/strong><\/li>\n<\/ul>\n<p><strong><span class=\"s1\">Confirmat: <\/span><a href=\"https:\/\/www.kingston.com\/ru\/usb-flash-drives\/datatraveler-kyson-high-performance-usb-flash-drive?capacity=512gb\" target=\"_blank\" rel=\"noopener\">https:\/\/www.kingston.com\/ru\/usb-flash-drives\/datatraveler-kyson-high-performance-usb-flash-drive?capacity=512gb<\/a><\/strong><\/p>","protected":false},"excerpt":{"rendered":"<p><strong><em>Unitatea flash Kingston DataTraveler Kyson de 512 GB este o unitate flash USB 3.2 metalic\u0103 fiabil\u0103, cu viteze mari de transfer de date \u0219i o carcas\u0103 durabil\u0103.<\/em><\/strong><\/p>","protected":false},"featured_media":10374,"template":"","meta":{"_acf_changed":false},"product_brand":[1147],"product_cat":[243],"product_tag":[1165,1164,675,680],"class_list":{"0":"post-10371","1":"product","2":"type-product","3":"status-publish","4":"has-post-thumbnail","6":"product_brand-kingston","7":"product_cat-cards-flash-drives","8":"product_tag-512gb","9":"product_tag-usb-","10":"product_tag-675","11":"product_tag-680","13":"first","14":"instock","15":"sale","16":"taxable","17":"shipping-taxable","18":"purchasable","19":"product-type-simple","20":"add-to-wishlist-after_add_to_cart"},"acf":[],"jetpack_sharing_enabled":true,"_links":{"self":[{"href":"https:\/\/darvilais.md\/ro\/wp-json\/wp\/v2\/product\/10371","targetHints":{"allow":["GET"]}}],"collection":[{"href":"https:\/\/darvilais.md\/ro\/wp-json\/wp\/v2\/product"}],"about":[{"href":"https:\/\/darvilais.md\/ro\/wp-json\/wp\/v2\/types\/product"}],"wp:featuredmedia":[{"embeddable":true,"href":"https:\/\/darvilais.md\/ro\/wp-json\/wp\/v2\/media\/10374"}],"wp:attachment":[{"href":"https:\/\/darvilais.md\/ro\/wp-json\/wp\/v2\/media?parent=10371"}],"wp:term":[{"taxonomy":"product_brand","embeddable":true,"href":"https:\/\/darvilais.md\/ro\/wp-json\/wp\/v2\/product_brand?post=10371"},{"taxonomy":"product_cat","embeddable":true,"href":"https:\/\/darvilais.md\/ro\/wp-json\/wp\/v2\/product_cat?post=10371"},{"taxonomy":"product_tag","embeddable":true,"href":"https:\/\/darvilais.md\/ro\/wp-json\/wp\/v2\/product_tag?post=10371"}],"curies":[{"name":"wp","href":"https:\/\/api.w.org\/{rel}","templated":true}]}}