{"id":10369,"date":"2025-10-20T19:49:15","date_gmt":"2025-10-20T19:49:15","guid":{"rendered":"https:\/\/darvilais.md\/?post_type=product&#038;p=10369"},"modified":"2025-10-20T19:49:15","modified_gmt":"2025-10-20T19:49:15","slug":"hoco-ud12-1tb-ssd-type-c","status":"publish","type":"product","link":"https:\/\/darvilais.md\/ro\/produs\/hoco-ud12-1tb-ssd-type-c\/","title":{"rendered":"Hoco UD12 1TB"},"content":{"rendered":"<h2><strong>SSD mobil Hoco UD12 PSSD 1TB<\/strong><\/h2>\n<ul>\n<li class=\"p1\"><strong>Culoare: negru<\/strong><\/li>\n<li class=\"p1\"><strong>Tip: unitate SSD portabil\u0103<\/strong><\/li>\n<li class=\"p1\"><strong>Capacitate: 1 TB<\/strong><\/li>\n<li class=\"p1\"><strong>Interfa\u021b\u0103: USB 3.1 Tip-C<\/strong><\/li>\n<li class=\"p1\"><strong>Caracteristici: carcas\u0103 metalic\u0103 compact\u0103, rat\u0103 mare de transfer de date, protec\u021bie la supra\u00eenc\u0103lzire<\/strong><\/li>\n<li class=\"p1\"><strong>Compatibilitate: laptopuri, PC-uri, smartphone-uri cu OTG<\/strong><\/li>\n<li class=\"p1\"><strong>Producator: Hoco<\/strong><\/li>\n<\/ul>","protected":false},"excerpt":{"rendered":"<p><em><strong>SSD-ul portabil Hoco UD12 de 1TB este o unitate fiabil\u0103 \u00eentr-o carcas\u0103 metalic\u0103, cu rate mari de transfer de date \u0219i o interfa\u021b\u0103 Type-C.<\/strong><\/em><\/p>","protected":false},"featured_media":10366,"template":"","meta":{"_acf_changed":false},"product_brand":[286],"product_cat":[243],"product_tag":[1145,1162,1163,1161],"class_list":{"0":"post-10369","1":"product","2":"type-product","3":"status-publish","4":"has-post-thumbnail","6":"product_brand-hoco","7":"product_cat-cards-flash-drives","8":"product_tag-1tb","9":"product_tag-type-c-ssd","10":"product_tag-1163","11":"product_tag--ssd","13":"first","14":"instock","15":"taxable","16":"shipping-taxable","17":"purchasable","18":"product-type-simple","19":"add-to-wishlist-after_add_to_cart"},"acf":[],"jetpack_sharing_enabled":true,"_links":{"self":[{"href":"https:\/\/darvilais.md\/ro\/wp-json\/wp\/v2\/product\/10369","targetHints":{"allow":["GET"]}}],"collection":[{"href":"https:\/\/darvilais.md\/ro\/wp-json\/wp\/v2\/product"}],"about":[{"href":"https:\/\/darvilais.md\/ro\/wp-json\/wp\/v2\/types\/product"}],"wp:featuredmedia":[{"embeddable":true,"href":"https:\/\/darvilais.md\/ro\/wp-json\/wp\/v2\/media\/10366"}],"wp:attachment":[{"href":"https:\/\/darvilais.md\/ro\/wp-json\/wp\/v2\/media?parent=10369"}],"wp:term":[{"taxonomy":"product_brand","embeddable":true,"href":"https:\/\/darvilais.md\/ro\/wp-json\/wp\/v2\/product_brand?post=10369"},{"taxonomy":"product_cat","embeddable":true,"href":"https:\/\/darvilais.md\/ro\/wp-json\/wp\/v2\/product_cat?post=10369"},{"taxonomy":"product_tag","embeddable":true,"href":"https:\/\/darvilais.md\/ro\/wp-json\/wp\/v2\/product_tag?post=10369"}],"curies":[{"name":"wp","href":"https:\/\/api.w.org\/{rel}","templated":true}]}}