{"id":10316,"date":"2025-10-19T18:03:23","date_gmt":"2025-10-19T18:03:23","guid":{"rendered":"https:\/\/darvilais.md\/?post_type=product&#038;p=10316"},"modified":"2025-10-19T18:03:23","modified_gmt":"2025-10-19T18:03:23","slug":"kingston-128gb-microsd-canvas-select-plus","status":"publish","type":"product","link":"https:\/\/darvilais.md\/ro\/produs\/kingston-128gb-microsd-canvas-select-plus\/","title":{"rendered":"Kingston Plus 128GB"},"content":{"rendered":"<h2><strong>Card microSD Kingston Canvas Select Plus de 128 GB<\/strong><\/h2>\n<ul>\n<li class=\"p1\"><strong>Culoare: negru<\/strong><\/li>\n<li class=\"p1\"><strong>Tip: microSD<\/strong><\/li>\n<li class=\"p1\"><strong>Capacitate: 128 GB<\/strong><\/li>\n<li class=\"p1\"><strong>Vitez\u0103 de citire: p\u00e2n\u0103 la 100 MB\/s<\/strong><\/li>\n<li class=\"p1\"><strong>Vitez\u0103 de scriere: p\u00e2n\u0103 la 10 MB\/s<\/strong><\/li>\n<li class=\"p1\"><strong>Clasa: Clasa a 10-a, UHS-I U1<\/strong><\/li>\n<li class=\"p1\"><strong>Compatibilitate: smartphone-uri, tablete, camere foto<\/strong><\/li>\n<li class=\"p1\"><strong>Caracteristici: Fiabil, Compatibilitate ridicat\u0103<\/strong><\/li>\n<li class=\"p1\"><strong>Produc\u0103tor: Kingston<\/strong><\/li>\n<\/ul>\n<p><strong><span class=\"s1\">Confirmat: <\/span><a href=\"https:\/\/www.kingston.com\/ru\/memory-cards\/canvas-select-plus-microsd-card-sdcs3?capacity=128gb&amp;adapter=sd%20adapter\" target=\"_blank\" rel=\"noopener\">https:\/\/www.kingston.com\/ru\/memory-cards\/canvas-select-plus-microsd-card-sdcs3?capacity=128gb&amp;adapter=sd%20adapter<\/a><\/strong><\/p>","protected":false},"excerpt":{"rendered":"<p><em><strong>Card de memorie microSD Kingston de 128 GB pentru smartphone-uri \u0219i camere foto. Viteze mari de citire de p\u00e2n\u0103 la 100 MB\/s.<\/strong><\/em><\/p>","protected":false},"featured_media":10318,"template":"","meta":{"_acf_changed":false},"product_brand":[1147],"product_cat":[243],"product_tag":[454,675,672,1146],"class_list":{"0":"post-10316","1":"product","2":"type-product","3":"status-publish","4":"has-post-thumbnail","6":"product_brand-kingston","7":"product_cat-cards-flash-drives","8":"product_tag-microsd","9":"product_tag-675","10":"product_tag-672","11":"product_tag-1146","13":"first","14":"instock","15":"sale","16":"taxable","17":"shipping-taxable","18":"purchasable","19":"product-type-simple","20":"add-to-wishlist-after_add_to_cart"},"acf":[],"jetpack_sharing_enabled":true,"_links":{"self":[{"href":"https:\/\/darvilais.md\/ro\/wp-json\/wp\/v2\/product\/10316","targetHints":{"allow":["GET"]}}],"collection":[{"href":"https:\/\/darvilais.md\/ro\/wp-json\/wp\/v2\/product"}],"about":[{"href":"https:\/\/darvilais.md\/ro\/wp-json\/wp\/v2\/types\/product"}],"wp:featuredmedia":[{"embeddable":true,"href":"https:\/\/darvilais.md\/ro\/wp-json\/wp\/v2\/media\/10318"}],"wp:attachment":[{"href":"https:\/\/darvilais.md\/ro\/wp-json\/wp\/v2\/media?parent=10316"}],"wp:term":[{"taxonomy":"product_brand","embeddable":true,"href":"https:\/\/darvilais.md\/ro\/wp-json\/wp\/v2\/product_brand?post=10316"},{"taxonomy":"product_cat","embeddable":true,"href":"https:\/\/darvilais.md\/ro\/wp-json\/wp\/v2\/product_cat?post=10316"},{"taxonomy":"product_tag","embeddable":true,"href":"https:\/\/darvilais.md\/ro\/wp-json\/wp\/v2\/product_tag?post=10316"}],"curies":[{"name":"wp","href":"https:\/\/api.w.org\/{rel}","templated":true}]}}