{"id":10313,"date":"2025-10-19T17:41:41","date_gmt":"2025-10-19T17:41:41","guid":{"rendered":"https:\/\/darvilais.md\/?post_type=product&#038;p=10313"},"modified":"2025-10-19T17:41:41","modified_gmt":"2025-10-19T17:41:41","slug":"hoco-tf-8gb-microsd-high-speed","status":"publish","type":"product","link":"https:\/\/darvilais.md\/ro\/produs\/hoco-tf-8gb-microsd-high-speed\/","title":{"rendered":"Hoco TF 8GB"},"content":{"rendered":"<h2><strong>Card de memorie de mare vitez\u0103 Hoco TF<\/strong><\/h2>\n<ul>\n<li class=\"p1\"><strong>Culoare: verde<\/strong><\/li>\n<li class=\"p1\"><strong>Tip: microSD<\/strong><\/li>\n<li class=\"p1\"><strong>Capacitate: 8 GB<\/strong><\/li>\n<li class=\"p1\"><strong>Vitez\u0103 de citire: p\u00e2n\u0103 la 90 MB\/s<\/strong><\/li>\n<li class=\"p1\"><strong>Vitez\u0103 de scriere: p\u00e2n\u0103 la 20 MB\/s<\/strong><\/li>\n<li class=\"p1\"><strong>Clasa: Clasa 10, UHS-I<\/strong><\/li>\n<li class=\"p1\"><strong>Compatibilitate: smartphone-uri, tablete, camere foto<\/strong><\/li>\n<li class=\"p1\"><strong>Caracteristici: vitez\u0103 mare, fiabilitate<\/strong><\/li>\n<li class=\"p1\"><strong>Producator: Hoco<\/strong><\/li>\n<\/ul>\n<p><strong><span class=\"s1\">Confirmat: <\/span><a href=\"https:\/\/hocotech.com\/product\/mobile-accessories\/flash-disks\/tf-card-high-speed-memory-micro-sd\/\" target=\"_blank\" rel=\"noopener\">https:\/\/hocotech.com\/product\/mobile-accessories\/flash-disks\/tf-card-high-speed-memory-micro-sd\/<\/a><\/strong><\/p>","protected":false},"excerpt":{"rendered":"<p><em><strong>Card de memorie microSD Hoco de 8 GB pentru smartphone-uri \u0219i camere foto. Viteze mari de citire \u0219i scriere.<\/strong><\/em><\/p>","protected":false},"featured_media":10315,"template":"","meta":{"_acf_changed":false},"product_brand":[286],"product_cat":[243],"product_tag":[454,675,672,1146],"class_list":{"0":"post-10313","1":"product","2":"type-product","3":"status-publish","4":"has-post-thumbnail","6":"product_brand-hoco","7":"product_cat-cards-flash-drives","8":"product_tag-microsd","9":"product_tag-675","10":"product_tag-672","11":"product_tag-1146","13":"first","14":"instock","15":"taxable","16":"shipping-taxable","17":"purchasable","18":"product-type-simple","19":"add-to-wishlist-after_add_to_cart"},"acf":[],"jetpack_sharing_enabled":true,"_links":{"self":[{"href":"https:\/\/darvilais.md\/ro\/wp-json\/wp\/v2\/product\/10313","targetHints":{"allow":["GET"]}}],"collection":[{"href":"https:\/\/darvilais.md\/ro\/wp-json\/wp\/v2\/product"}],"about":[{"href":"https:\/\/darvilais.md\/ro\/wp-json\/wp\/v2\/types\/product"}],"wp:featuredmedia":[{"embeddable":true,"href":"https:\/\/darvilais.md\/ro\/wp-json\/wp\/v2\/media\/10315"}],"wp:attachment":[{"href":"https:\/\/darvilais.md\/ro\/wp-json\/wp\/v2\/media?parent=10313"}],"wp:term":[{"taxonomy":"product_brand","embeddable":true,"href":"https:\/\/darvilais.md\/ro\/wp-json\/wp\/v2\/product_brand?post=10313"},{"taxonomy":"product_cat","embeddable":true,"href":"https:\/\/darvilais.md\/ro\/wp-json\/wp\/v2\/product_cat?post=10313"},{"taxonomy":"product_tag","embeddable":true,"href":"https:\/\/darvilais.md\/ro\/wp-json\/wp\/v2\/product_tag?post=10313"}],"curies":[{"name":"wp","href":"https:\/\/api.w.org\/{rel}","templated":true}]}}