{"id":10289,"date":"2025-10-19T16:42:18","date_gmt":"2025-10-19T16:42:18","guid":{"rendered":"https:\/\/darvilais.md\/?post_type=product&#038;p=10289"},"modified":"2025-10-19T16:42:19","modified_gmt":"2025-10-19T16:42:19","slug":"hoco-tf-64gb-microsd-high-speed","status":"publish","type":"product","link":"https:\/\/darvilais.md\/ro\/produs\/hoco-tf-64gb-microsd-high-speed\/","title":{"rendered":"Hoco TF 64gb"},"content":{"rendered":"<h2><strong>Card de memorie de mare vitez\u0103 Hoco TF<\/strong><\/h2>\n<ul>\n<li class=\"p1\"><strong>Tip: Card MicroSD (TF)\u00a0<\/strong><\/li>\n<li class=\"p1\"><strong>Capacitate: 64 GB\u00a0<\/strong><\/li>\n<li class=\"p1\"><strong>Vitez\u0103: mare (p\u00e2n\u0103 la 100 MB\/s citire, p\u00e2n\u0103 la 30 MB\/s scriere)\u00a0<\/strong><\/li>\n<li class=\"p1\"><strong>Formatul sistemului de fi\u0219iere: exFAT\u00a0<\/strong><\/li>\n<li class=\"p1\"><strong>Temperatura de func\u021bionare: de la -25 \u00b0C la +85 \u00b0C\u00a0<\/strong><\/li>\n<li class=\"p1\"><strong>Materialul corpului: plastic\u00a0<\/strong><\/li>\n<li class=\"p1\"><strong>Compatibilitate: smartphone-uri, tablete, camere video, DVR-uri\u00a0<\/strong><\/li>\n<li class=\"p1\"><strong>Producator: Hoco\u00a0<\/strong><\/li>\n<\/ul>\n<p><strong><span class=\"s1\">Confirmat: <\/span><a href=\"https:\/\/hocotech.com\/product\/mobile-accessories\/flash-disks\/tf-card-high-speed-memory-micro-sd\/\" target=\"_blank\" rel=\"noopener\">https:\/\/hocotech.com\/product\/mobile-accessories\/flash-disks\/tf-card-high-speed-memory-micro-sd\/<\/a><\/strong><\/p>","protected":false},"excerpt":{"rendered":"<p><em><strong>Hoco TF 64GB este un card microSD rapid \u0219i fiabil, ideal pentru stocarea fotografiilor, videoclipurilor \u0219i aplica\u021biilor pe orice dispozitiv.<\/strong><\/em><\/p>","protected":false},"featured_media":10291,"template":"","meta":{"_acf_changed":false},"product_brand":[286],"product_cat":[243],"product_tag":[1140,454,1138,675],"class_list":{"0":"post-10289","1":"product","2":"type-product","3":"status-publish","4":"has-post-thumbnail","6":"product_brand-hoco","7":"product_cat-cards-flash-drives","8":"product_tag-64gb","9":"product_tag-microsd","10":"product_tag-tf-","11":"product_tag-675","13":"first","14":"instock","15":"taxable","16":"shipping-taxable","17":"purchasable","18":"product-type-simple","19":"add-to-wishlist-after_add_to_cart"},"acf":[],"jetpack_sharing_enabled":true,"_links":{"self":[{"href":"https:\/\/darvilais.md\/ro\/wp-json\/wp\/v2\/product\/10289","targetHints":{"allow":["GET"]}}],"collection":[{"href":"https:\/\/darvilais.md\/ro\/wp-json\/wp\/v2\/product"}],"about":[{"href":"https:\/\/darvilais.md\/ro\/wp-json\/wp\/v2\/types\/product"}],"wp:featuredmedia":[{"embeddable":true,"href":"https:\/\/darvilais.md\/ro\/wp-json\/wp\/v2\/media\/10291"}],"wp:attachment":[{"href":"https:\/\/darvilais.md\/ro\/wp-json\/wp\/v2\/media?parent=10289"}],"wp:term":[{"taxonomy":"product_brand","embeddable":true,"href":"https:\/\/darvilais.md\/ro\/wp-json\/wp\/v2\/product_brand?post=10289"},{"taxonomy":"product_cat","embeddable":true,"href":"https:\/\/darvilais.md\/ro\/wp-json\/wp\/v2\/product_cat?post=10289"},{"taxonomy":"product_tag","embeddable":true,"href":"https:\/\/darvilais.md\/ro\/wp-json\/wp\/v2\/product_tag?post=10289"}],"curies":[{"name":"wp","href":"https:\/\/api.w.org\/{rel}","templated":true}]}}