{"id":10285,"date":"2025-10-19T15:33:10","date_gmt":"2025-10-19T15:33:10","guid":{"rendered":"https:\/\/darvilais.md\/?post_type=product&#038;p=10285"},"modified":"2025-10-19T15:33:10","modified_gmt":"2025-10-19T15:33:10","slug":"hoco-tf-32gb-microsd-high-speed","status":"publish","type":"product","link":"https:\/\/darvilais.md\/ro\/produs\/hoco-tf-32gb-microsd-high-speed\/","title":{"rendered":"Hoco TF 32gb"},"content":{"rendered":"<h2><strong>Card de memorie de mare vitez\u0103 Hoco TF<\/strong><\/h2>\n<ul>\n<li class=\"p1\"><strong>Tip: Card MicroSD (TF)<\/strong><\/li>\n<li class=\"p1\"><strong>Capacitate: 32 GB<\/strong><\/li>\n<li class=\"p1\"><strong>Vitez\u0103: mare (p\u00e2n\u0103 la 80 MB\/s citire, p\u00e2n\u0103 la 20 MB\/s scriere)<\/strong><\/li>\n<li class=\"p1\"><strong>Formatul sistemului de fi\u0219iere: FAT32<\/strong><\/li>\n<li class=\"p1\"><strong>Temperatura de func\u021bionare: de la -25 \u00b0C la +85 \u00b0C<\/strong><\/li>\n<li class=\"p1\"><strong>Materialul corpului: plastic<\/strong><\/li>\n<li class=\"p1\"><strong>Compatibilitate: smartphone-uri, tablete, camere video, DVR-uri<\/strong><\/li>\n<li class=\"p1\"><strong>Producator: Hoco<\/strong><\/li>\n<\/ul>\n<p><strong><span class=\"s1\">Confirmat: <\/span><a href=\"https:\/\/hocotech.com\/product\/mobile-accessories\/flash-disks\/tf-card-high-speed-memory-micro-sd\/\" target=\"_blank\" rel=\"noopener\">https:\/\/hocotech.com\/product\/mobile-accessories\/flash-disks\/tf-card-high-speed-memory-micro-sd\/<\/a><\/strong><\/p>","protected":false},"excerpt":{"rendered":"<p><em><strong>Hoco TF 32GB este un card microSD fiabil cu viteze mari de transfer de date, ideal pentru \u00eenregistrarea video HD \u0219i stocarea fi\u0219ierelor media.<\/strong><\/em><\/p>","protected":false},"featured_media":10287,"template":"","meta":{"_acf_changed":false},"product_brand":[286],"product_cat":[243],"product_tag":[1139,454,1138,675],"class_list":{"0":"post-10285","1":"product","2":"type-product","3":"status-publish","4":"has-post-thumbnail","6":"product_brand-hoco","7":"product_cat-cards-flash-drives","8":"product_tag-32gb","9":"product_tag-microsd","10":"product_tag-tf-","11":"product_tag-675","13":"first","14":"instock","15":"sale","16":"taxable","17":"shipping-taxable","18":"purchasable","19":"product-type-simple","20":"add-to-wishlist-after_add_to_cart"},"acf":[],"jetpack_sharing_enabled":true,"_links":{"self":[{"href":"https:\/\/darvilais.md\/ro\/wp-json\/wp\/v2\/product\/10285","targetHints":{"allow":["GET"]}}],"collection":[{"href":"https:\/\/darvilais.md\/ro\/wp-json\/wp\/v2\/product"}],"about":[{"href":"https:\/\/darvilais.md\/ro\/wp-json\/wp\/v2\/types\/product"}],"wp:featuredmedia":[{"embeddable":true,"href":"https:\/\/darvilais.md\/ro\/wp-json\/wp\/v2\/media\/10287"}],"wp:attachment":[{"href":"https:\/\/darvilais.md\/ro\/wp-json\/wp\/v2\/media?parent=10285"}],"wp:term":[{"taxonomy":"product_brand","embeddable":true,"href":"https:\/\/darvilais.md\/ro\/wp-json\/wp\/v2\/product_brand?post=10285"},{"taxonomy":"product_cat","embeddable":true,"href":"https:\/\/darvilais.md\/ro\/wp-json\/wp\/v2\/product_cat?post=10285"},{"taxonomy":"product_tag","embeddable":true,"href":"https:\/\/darvilais.md\/ro\/wp-json\/wp\/v2\/product_tag?post=10285"}],"curies":[{"name":"wp","href":"https:\/\/api.w.org\/{rel}","templated":true}]}}