{"id":10272,"date":"2025-10-17T21:36:28","date_gmt":"2025-10-17T21:36:28","guid":{"rendered":"https:\/\/darvilais.md\/?post_type=product&#038;p=10272"},"modified":"2025-10-17T21:40:38","modified_gmt":"2025-10-17T21:40:38","slug":"hoco-ls36-external-sound-card-usb-to-3-5","status":"publish","type":"product","link":"https:\/\/darvilais.md\/ro\/produs\/hoco-ls36-external-sound-card-usb-to-3-5\/","title":{"rendered":"Hoco LS36 USB la 3,5 mm"},"content":{"rendered":"<h2><strong>Plac\u0103 de sunet extern\u0103 Hoco LS36 Fresh<\/strong><\/h2>\n<ul>\n<li class=\"p1\"><strong>Culoare: negru\u00a0<\/strong><\/li>\n<li class=\"p1\"><strong>Tip: plac\u0103 de sunet extern\u0103 (USB \u2192 3,5 mm)\u00a0<\/strong><\/li>\n<li class=\"p1\"><strong>Interfa\u021b\u0103: USB 2.0\u00a0<\/strong><\/li>\n<li class=\"p1\"><strong>Suport: 16 bi\u021bi \/ 48 kHz\u00a0<\/strong><\/li>\n<li class=\"p1\"><strong>Materiale: plastic\u00a0<\/strong><\/li>\n<li class=\"p1\"><strong>Alimentare: prin USB\u00a0<\/strong><\/li>\n<li class=\"p1\"><strong>Caracteristici: Dimensiune compact\u0103, Plug-and-Play\u00a0<\/strong><\/li>\n<li class=\"p1\"><strong>Compatibilitate: Windows, macOS, Linux \u0219i alte dispozitive<\/strong><\/li>\n<li class=\"p1\"><strong>Producator: Hoco\u00a0<\/strong><\/li>\n<\/ul>\n<p><strong><span class=\"s1\">Confirmat: <\/span><a href=\"https:\/\/hocotech.com\/product\/mobile-accessories\/cables\/adapters\/adapter-usb-a-to-3-5mm-ls36-fresh-audio-converter\/\" target=\"_blank\" rel=\"noopener\">https:\/\/hocotech.com\/product\/mobile-accessories\/cables\/adapters\/adapter-usb-a-to-3-5mm-ls36-fresh-audio-converter\/<\/a><\/strong><\/p>","protected":false},"excerpt":{"rendered":"<p><strong><em>Hoco LS36 este o plac\u0103 de sunet extern\u0103 portabil\u0103 cu muf\u0103 USB \u2192 3,5 mm, o solu\u021bie excelent\u0103 pentru PC-urile f\u0103r\u0103 muf\u0103 audio \u00eencorporat\u0103.<\/em><\/strong><\/p>","protected":false},"featured_media":10276,"template":"","meta":{"_acf_changed":false},"product_brand":[286],"product_cat":[242],"product_tag":[1106,1107,1135,1134],"class_list":{"0":"post-10272","1":"product","2":"type-product","3":"status-publish","4":"has-post-thumbnail","6":"product_brand-hoco","7":"product_cat-adapters","8":"product_tag-usb-","9":"product_tag-1107","10":"product_tag-1135","11":"product_tag-1134","13":"first","14":"instock","15":"taxable","16":"shipping-taxable","17":"purchasable","18":"product-type-simple","19":"add-to-wishlist-after_add_to_cart"},"acf":[],"jetpack_sharing_enabled":true,"_links":{"self":[{"href":"https:\/\/darvilais.md\/ro\/wp-json\/wp\/v2\/product\/10272","targetHints":{"allow":["GET"]}}],"collection":[{"href":"https:\/\/darvilais.md\/ro\/wp-json\/wp\/v2\/product"}],"about":[{"href":"https:\/\/darvilais.md\/ro\/wp-json\/wp\/v2\/types\/product"}],"wp:featuredmedia":[{"embeddable":true,"href":"https:\/\/darvilais.md\/ro\/wp-json\/wp\/v2\/media\/10276"}],"wp:attachment":[{"href":"https:\/\/darvilais.md\/ro\/wp-json\/wp\/v2\/media?parent=10272"}],"wp:term":[{"taxonomy":"product_brand","embeddable":true,"href":"https:\/\/darvilais.md\/ro\/wp-json\/wp\/v2\/product_brand?post=10272"},{"taxonomy":"product_cat","embeddable":true,"href":"https:\/\/darvilais.md\/ro\/wp-json\/wp\/v2\/product_cat?post=10272"},{"taxonomy":"product_tag","embeddable":true,"href":"https:\/\/darvilais.md\/ro\/wp-json\/wp\/v2\/product_tag?post=10272"}],"curies":[{"name":"wp","href":"https:\/\/api.w.org\/{rel}","templated":true}]}}