{"id":10266,"date":"2025-10-17T21:29:08","date_gmt":"2025-10-17T21:29:08","guid":{"rendered":"https:\/\/darvilais.md\/?post_type=product&#038;p=10266"},"modified":"2025-10-17T21:29:08","modified_gmt":"2025-10-17T21:29:08","slug":"wiwu-a721hd-usb-c-hub","status":"publish","type":"product","link":"https:\/\/darvilais.md\/ro\/produs\/wiwu-a721hd-usb-c-hub\/","title":{"rendered":"WiWU A721HD"},"content":{"rendered":"<h2><strong>Conectorul WiWU A721HD\u00a0<\/strong><\/h2>\n<ul>\n<li class=\"p1\"><strong>Culoare: gri\u00a0<\/strong><\/li>\n<li class=\"p1\"><strong>Tip: Hub USB-C 7 \u00een 1\u00a0<\/strong><\/li>\n<li class=\"p1\"><strong>Interfe\u021be: 2 \u00d7 USB-A, 1 \u00d7 USB-C, 1 \u00d7 PD, 1 \u00d7 HDMI, 1 \u00d7 SD, 1 \u00d7 TF\u00a0<\/strong><\/li>\n<li class=\"p1\"><strong>Material: aliaj de aluminiu\u00a0<\/strong><\/li>\n<li class=\"p1\"><strong>Caracteristici: Suport PD de 100 W, ie\u0219ire HDMI 4K la 60 Hz\u00a0<\/strong><\/li>\n<li class=\"p1\"><strong>Produc\u0103tor: WiWU\u00a0<\/strong><\/li>\n<\/ul>\n<p><strong><span class=\"s1\">Confirmat: <\/span><a href=\"https:\/\/www.wiwu.com\/wiwu-linker-721-7-in-1-type-c-hub-laptop-adapter-usb-c-to-usb-pd100w-usb3.0-tf\/sd-card-reader-hdmi-for-tv-display.html\" target=\"_blank\" rel=\"noopener\">https:\/\/www.wiwu.com\/wiwu-linker-721-7-in-1-type-c-hub-laptop-adapter-usb-c-to-usb-pd100w-usb3.0-tf\/sd-card-reader-hdmi-for-tv-display.html<\/a><\/strong><\/p>","protected":false},"excerpt":{"rendered":"<p><em><strong>WiWU A721HD este un hub USB-C universal cu suport PD de 100W, HDMI 4K \u0219i sloturi pentru carduri USB, SD \u0219i TF.<\/strong><\/em><\/p>","protected":false},"featured_media":10271,"template":"","meta":{"_acf_changed":false},"product_brand":[307],"product_cat":[242],"product_tag":[1133,1132,1070,1072],"class_list":{"0":"post-10266","1":"product","2":"type-product","3":"status-publish","4":"has-post-thumbnail","6":"product_brand-wiwu","7":"product_cat-adapters","8":"product_tag-hdmi-4k","9":"product_tag-pd-100w","10":"product_tag-usb-c-","11":"product_tag-1072","13":"first","14":"instock","15":"sale","16":"taxable","17":"shipping-taxable","18":"purchasable","19":"product-type-simple","20":"add-to-wishlist-after_add_to_cart"},"acf":[],"jetpack_sharing_enabled":true,"_links":{"self":[{"href":"https:\/\/darvilais.md\/ro\/wp-json\/wp\/v2\/product\/10266","targetHints":{"allow":["GET"]}}],"collection":[{"href":"https:\/\/darvilais.md\/ro\/wp-json\/wp\/v2\/product"}],"about":[{"href":"https:\/\/darvilais.md\/ro\/wp-json\/wp\/v2\/types\/product"}],"wp:featuredmedia":[{"embeddable":true,"href":"https:\/\/darvilais.md\/ro\/wp-json\/wp\/v2\/media\/10271"}],"wp:attachment":[{"href":"https:\/\/darvilais.md\/ro\/wp-json\/wp\/v2\/media?parent=10266"}],"wp:term":[{"taxonomy":"product_brand","embeddable":true,"href":"https:\/\/darvilais.md\/ro\/wp-json\/wp\/v2\/product_brand?post=10266"},{"taxonomy":"product_cat","embeddable":true,"href":"https:\/\/darvilais.md\/ro\/wp-json\/wp\/v2\/product_cat?post=10266"},{"taxonomy":"product_tag","embeddable":true,"href":"https:\/\/darvilais.md\/ro\/wp-json\/wp\/v2\/product_tag?post=10266"}],"curies":[{"name":"wp","href":"https:\/\/api.w.org\/{rel}","templated":true}]}}