{"id":10253,"date":"2025-10-17T21:13:24","date_gmt":"2025-10-17T21:13:24","guid":{"rendered":"https:\/\/darvilais.md\/?post_type=product&#038;p=10253"},"modified":"2025-10-17T21:13:24","modified_gmt":"2025-10-17T21:13:24","slug":"wiwu-t02-pro-usb-c-hub","status":"publish","type":"product","link":"https:\/\/darvilais.md\/ro\/produs\/wiwu-t02-pro-usb-c-hub\/","title":{"rendered":"WiWU T02 Pro"},"content":{"rendered":"<h2><strong>WiWU T02 Pro\u00a0<\/strong><\/h2>\n<ul>\n<li class=\"p1\"><strong>Culoare: gri\u00a0<\/strong><\/li>\n<li class=\"p1\"><strong>Tip: Hub USB-C\u00a0<\/strong><\/li>\n<li class=\"p1\"><strong>Interfe\u021be: 2 \u00d7 USB-A, 1 \u00d7 USB-C\u00a0<\/strong><\/li>\n<li class=\"p1\"><strong>Material: aliaj de zinc\u00a0<\/strong><\/li>\n<li class=\"p1\"><strong>Dimensiuni: 41,85 \u00d7 16,49 \u00d7 8,5 mm\u00a0<\/strong><\/li>\n<li class=\"p1\"><strong>Produc\u0103tor: WiWU<\/strong><\/li>\n<\/ul>","protected":false},"excerpt":{"rendered":"<p><em><strong>WiWU T02 Pro este un hub USB-C fiabil, cu dou\u0103 porturi USB-A \u0219i unul USB-C, dimensiuni compacte \u0219i o carcas\u0103 metalic\u0103 durabil\u0103.<\/strong><\/em><\/p>","protected":false},"featured_media":10257,"template":"","meta":{"_acf_changed":false},"product_brand":[307],"product_cat":[242],"product_tag":[1128,1070,564,1129],"class_list":{"0":"post-10253","1":"product","2":"type-product","3":"status-publish","4":"has-post-thumbnail","6":"product_brand-wiwu","7":"product_cat-adapters","8":"product_tag-usb-a-","9":"product_tag-usb-c-","10":"product_tag-564","11":"product_tag-1129","13":"first","14":"instock","15":"taxable","16":"shipping-taxable","17":"purchasable","18":"product-type-simple","19":"add-to-wishlist-after_add_to_cart"},"acf":[],"jetpack_sharing_enabled":true,"_links":{"self":[{"href":"https:\/\/darvilais.md\/ro\/wp-json\/wp\/v2\/product\/10253","targetHints":{"allow":["GET"]}}],"collection":[{"href":"https:\/\/darvilais.md\/ro\/wp-json\/wp\/v2\/product"}],"about":[{"href":"https:\/\/darvilais.md\/ro\/wp-json\/wp\/v2\/types\/product"}],"wp:featuredmedia":[{"embeddable":true,"href":"https:\/\/darvilais.md\/ro\/wp-json\/wp\/v2\/media\/10257"}],"wp:attachment":[{"href":"https:\/\/darvilais.md\/ro\/wp-json\/wp\/v2\/media?parent=10253"}],"wp:term":[{"taxonomy":"product_brand","embeddable":true,"href":"https:\/\/darvilais.md\/ro\/wp-json\/wp\/v2\/product_brand?post=10253"},{"taxonomy":"product_cat","embeddable":true,"href":"https:\/\/darvilais.md\/ro\/wp-json\/wp\/v2\/product_cat?post=10253"},{"taxonomy":"product_tag","embeddable":true,"href":"https:\/\/darvilais.md\/ro\/wp-json\/wp\/v2\/product_tag?post=10253"}],"curies":[{"name":"wp","href":"https:\/\/api.w.org\/{rel}","templated":true}]}}