{"id":10248,"date":"2025-10-17T15:34:31","date_gmt":"2025-10-17T15:34:31","guid":{"rendered":"https:\/\/darvilais.md\/?post_type=product&#038;p=10248"},"modified":"2025-10-17T15:34:31","modified_gmt":"2025-10-17T15:34:31","slug":"xo-hub017-magnetic-9-in-1-docking-station","status":"publish","type":"product","link":"https:\/\/darvilais.md\/ro\/produs\/xo-hub017-magnetic-9-in-1-docking-station\/","title":{"rendered":"XO HUB017"},"content":{"rendered":"<h2><strong>Sta\u021bie de andocare magnetic\u0103 metalic\u0103 XO HUB017\u00a0<\/strong><\/h2>\n<ul>\n<li class=\"p1\"><strong>Culoare: gri<\/strong><\/li>\n<li class=\"p1\"><strong>Tip: Hub de andocare magnetic 9 \u00een 1\u00a0<\/strong><\/li>\n<li class=\"p1\"><strong>Interfe\u021be: 3 \u00d7 USB 3.0, 2 \u00d7 HDMI, 2 \u00d7 PD, RJ45, intrare tip C\u00a0<\/strong><\/li>\n<li class=\"p1\"><strong>Suport\u0103: HDMI p\u00e2n\u0103 la 4K la 30Hz, Ethernet p\u00e2n\u0103 la 100 Mbps\u00a0<\/strong><\/li>\n<li class=\"p1\"><strong>Material: aliaj de aluminiu\u00a0<\/strong><\/li>\n<li class=\"p1\"><strong>Dimensiuni: 162,9 \u00d7 39,9 \u00d7 12 mm\u00a0<\/strong><\/li>\n<li class=\"p1\"><strong>Greutate: 81 g\u00a0<\/strong><\/li>\n<li class=\"p1\"><strong>Caracteristici: \u00cenlocuire la cald, suport PD de p\u00e2n\u0103 la 100W\u00a0<\/strong><\/li>\n<li class=\"p1\"><strong>Compatibilitate: Laptopuri \u0219i dispozitive cu port Type-C\u00a0<\/strong><\/li>\n<li class=\"p1\"><strong>Produc\u0103tor: XO<\/strong><\/li>\n<\/ul>","protected":false},"excerpt":{"rendered":"<p><em><strong>XO HUB017 este un hub de andocare magnetic compact 9 \u00een 1 care extinde portul Type-C la interfe\u021be multiple pentru laptopuri \u0219i alte dispozitive.<\/strong><\/em><\/p>","protected":false},"featured_media":10251,"template":"","meta":{"_acf_changed":false},"product_brand":[301],"product_cat":[242],"product_tag":[1126,1127,1124,1125],"class_list":{"0":"post-10248","1":"product","2":"type-product","3":"status-publish","4":"has-post-thumbnail","6":"product_brand-xo","7":"product_cat-adapters","8":"product_tag-9--1","9":"product_tag-usb-c-","10":"product_tag-1124","11":"product_tag-1125","13":"first","14":"instock","15":"taxable","16":"shipping-taxable","17":"purchasable","18":"product-type-simple","19":"add-to-wishlist-after_add_to_cart"},"acf":[],"jetpack_sharing_enabled":true,"_links":{"self":[{"href":"https:\/\/darvilais.md\/ro\/wp-json\/wp\/v2\/product\/10248","targetHints":{"allow":["GET"]}}],"collection":[{"href":"https:\/\/darvilais.md\/ro\/wp-json\/wp\/v2\/product"}],"about":[{"href":"https:\/\/darvilais.md\/ro\/wp-json\/wp\/v2\/types\/product"}],"wp:featuredmedia":[{"embeddable":true,"href":"https:\/\/darvilais.md\/ro\/wp-json\/wp\/v2\/media\/10251"}],"wp:attachment":[{"href":"https:\/\/darvilais.md\/ro\/wp-json\/wp\/v2\/media?parent=10248"}],"wp:term":[{"taxonomy":"product_brand","embeddable":true,"href":"https:\/\/darvilais.md\/ro\/wp-json\/wp\/v2\/product_brand?post=10248"},{"taxonomy":"product_cat","embeddable":true,"href":"https:\/\/darvilais.md\/ro\/wp-json\/wp\/v2\/product_cat?post=10248"},{"taxonomy":"product_tag","embeddable":true,"href":"https:\/\/darvilais.md\/ro\/wp-json\/wp\/v2\/product_tag?post=10248"}],"curies":[{"name":"wp","href":"https:\/\/api.w.org\/{rel}","templated":true}]}}