{"id":10232,"date":"2025-10-17T12:26:24","date_gmt":"2025-10-17T12:26:24","guid":{"rendered":"https:\/\/darvilais.md\/?post_type=product&#038;p=10232"},"modified":"2025-10-17T12:26:24","modified_gmt":"2025-10-17T12:26:24","slug":"hoco-ls36-type-c-to-3-5-audio-converter","status":"publish","type":"product","link":"https:\/\/darvilais.md\/ro\/produs\/hoco-ls36-type-c-to-3-5-audio-converter\/","title":{"rendered":"Hoco LS36"},"content":{"rendered":"<h2><strong>Convertor digital de tip C Hoco LS36 Fresh<\/strong><\/h2>\n<ul>\n<li class=\"p1\"><strong>Culoare: negru<\/strong><\/li>\n<li class=\"p1\"><strong>Tip: Convertor audio Type-C \u2192 3,5 mm<\/strong><\/li>\n<li class=\"p1\"><strong>Suport\u0103: Audio de \u00eenalt\u0103 rezolu\u021bie, 16\u201324 bi\u021bi<\/strong><\/li>\n<li class=\"p1\"><strong>Material: aluminiu + plastic<\/strong><\/li>\n<li class=\"p1\"><strong>Dimensiuni: 50 \u00d7 15 \u00d7 8 mm<\/strong><\/li>\n<li class=\"p1\"><strong>Greutate: 10 g<\/strong><\/li>\n<li class=\"p1\"><strong>Caracteristici: conexiune digital\u0103, design compact<\/strong><\/li>\n<li class=\"p1\"><strong>Compatibilitate: smartphone-uri, tablete, PC-uri<\/strong><\/li>\n<li class=\"p1\"><strong>Producator: Hoco<\/strong><\/li>\n<\/ul>\n<p><strong><span class=\"s1\">Confirmat: <\/span><a href=\"https:\/\/hocotech.com\/product\/mobile-accessories\/cables\/adapters\/adapter-type-c-to-3-5mm-ls36-fresh-audio-converter\/\" target=\"_blank\" rel=\"noopener\">https:\/\/hocotech.com\/product\/mobile-accessories\/cables\/adapters\/adapter-type-c-to-3-5mm-ls36-fresh-audio-converter\/<\/a><\/strong><\/p>","protected":false},"excerpt":{"rendered":"<p><em><strong>Convertorul audio compact Hoco LS36 v\u0103 permite s\u0103 conecta\u021bi c\u0103\u0219ti de 3,5 mm la dispozitive cu port Type-C, convenabil pentru smartphone-uri \u0219i tablete.<\/strong><\/em><\/p>","protected":false},"featured_media":10239,"template":"","meta":{"_acf_changed":false},"product_brand":[286],"product_cat":[242],"product_tag":[1121,678,1119,1120],"class_list":{"0":"post-10232","1":"product","2":"type-product","3":"status-publish","4":"has-post-thumbnail","6":"product_brand-hoco","7":"product_cat-adapters","8":"product_tag-3-5","9":"product_tag-type-c","10":"product_tag-1119","11":"product_tag-1120","13":"first","14":"instock","15":"taxable","16":"shipping-taxable","17":"purchasable","18":"product-type-simple","19":"add-to-wishlist-after_add_to_cart"},"acf":[],"jetpack_sharing_enabled":true,"_links":{"self":[{"href":"https:\/\/darvilais.md\/ro\/wp-json\/wp\/v2\/product\/10232","targetHints":{"allow":["GET"]}}],"collection":[{"href":"https:\/\/darvilais.md\/ro\/wp-json\/wp\/v2\/product"}],"about":[{"href":"https:\/\/darvilais.md\/ro\/wp-json\/wp\/v2\/types\/product"}],"wp:featuredmedia":[{"embeddable":true,"href":"https:\/\/darvilais.md\/ro\/wp-json\/wp\/v2\/media\/10239"}],"wp:attachment":[{"href":"https:\/\/darvilais.md\/ro\/wp-json\/wp\/v2\/media?parent=10232"}],"wp:term":[{"taxonomy":"product_brand","embeddable":true,"href":"https:\/\/darvilais.md\/ro\/wp-json\/wp\/v2\/product_brand?post=10232"},{"taxonomy":"product_cat","embeddable":true,"href":"https:\/\/darvilais.md\/ro\/wp-json\/wp\/v2\/product_cat?post=10232"},{"taxonomy":"product_tag","embeddable":true,"href":"https:\/\/darvilais.md\/ro\/wp-json\/wp\/v2\/product_tag?post=10232"}],"curies":[{"name":"wp","href":"https:\/\/api.w.org\/{rel}","templated":true}]}}