{"id":10225,"date":"2025-10-17T12:10:30","date_gmt":"2025-10-17T12:10:30","guid":{"rendered":"https:\/\/darvilais.md\/?post_type=product&#038;p=10225"},"modified":"2025-10-17T12:10:30","modified_gmt":"2025-10-17T12:10:30","slug":"hoco-hb46-usb3-sata-enclosure","status":"publish","type":"product","link":"https:\/\/darvilais.md\/ro\/produs\/hoco-hb46-usb3-sata-enclosure\/","title":{"rendered":"Hoco HB46"},"content":{"rendered":"<h2><strong>Carcas\u0103 pentru hard disk SATA Hoco HB46<\/strong><\/h2>\n<ul>\n<li class=\"p1\"><strong>Culoare: negru<\/strong><\/li>\n<li class=\"p1\"><strong>Tip: Carcas\u0103 pentru hard disk de 2,5\u2033<\/strong><\/li>\n<li class=\"p1\"><strong>Interfa\u021b\u0103: USB 3.0<\/strong><\/li>\n<li class=\"p1\"><strong>Compatibilitate: SATA I\/II\/III<\/strong><\/li>\n<li class=\"p1\"><strong>Material: aluminiu + plastic<\/strong><\/li>\n<li class=\"p1\"><strong>Dimensiuni: 129 \u00d7 78 \u00d7 15 mm<\/strong><\/li>\n<li class=\"p1\"><strong>Greutate: 120 g<\/strong><\/li>\n<li class=\"p1\"><strong>Caracteristici: Plug-and-Play, nu necesit\u0103 alimentare suplimentar\u0103<\/strong><\/li>\n<li class=\"p1\"><strong>Producator: Hoco<\/strong><\/li>\n<\/ul>\n<p><strong><span class=\"s1\">Confirmat: <\/span><a href=\"https:\/\/hocotech.com\/product\/mobile-accessories\/cables\/adapters\/hard-drive-enclosure-hb46-2-5-inches-sata-usb-a3-0\/\" target=\"_blank\" rel=\"noopener\">https:\/\/hocotech.com\/product\/mobile-accessories\/cables\/adapters\/hard-drive-enclosure-hb46-2-5-inches-sata-usb-a3-0\/<\/a><\/strong><\/p>","protected":false},"excerpt":{"rendered":"<p><strong><em>Carcasa compact\u0103 Hoco HB46 v\u0103 permite s\u0103 conecta\u021bi hard disk-uri SATA de 2,5\u2033 prin USB 3.0, fiind convenabil\u0103 pentru PC-uri \u0219i laptopuri.<\/em><\/strong><\/p>","protected":false},"featured_media":10227,"template":"","meta":{"_acf_changed":false},"product_brand":[286],"product_cat":[242],"product_tag":[1118,1105,1117,1116],"class_list":{"0":"post-10225","1":"product","2":"type-product","3":"status-publish","4":"has-post-thumbnail","6":"product_brand-hoco","7":"product_cat-adapters","8":"product_tag-sata","9":"product_tag-usb3-0","10":"product_tag-1117","11":"product_tag-1116","13":"first","14":"instock","15":"taxable","16":"shipping-taxable","17":"purchasable","18":"product-type-simple","19":"add-to-wishlist-after_add_to_cart"},"acf":[],"jetpack_sharing_enabled":true,"_links":{"self":[{"href":"https:\/\/darvilais.md\/ro\/wp-json\/wp\/v2\/product\/10225","targetHints":{"allow":["GET"]}}],"collection":[{"href":"https:\/\/darvilais.md\/ro\/wp-json\/wp\/v2\/product"}],"about":[{"href":"https:\/\/darvilais.md\/ro\/wp-json\/wp\/v2\/types\/product"}],"wp:featuredmedia":[{"embeddable":true,"href":"https:\/\/darvilais.md\/ro\/wp-json\/wp\/v2\/media\/10227"}],"wp:attachment":[{"href":"https:\/\/darvilais.md\/ro\/wp-json\/wp\/v2\/media?parent=10225"}],"wp:term":[{"taxonomy":"product_brand","embeddable":true,"href":"https:\/\/darvilais.md\/ro\/wp-json\/wp\/v2\/product_brand?post=10225"},{"taxonomy":"product_cat","embeddable":true,"href":"https:\/\/darvilais.md\/ro\/wp-json\/wp\/v2\/product_cat?post=10225"},{"taxonomy":"product_tag","embeddable":true,"href":"https:\/\/darvilais.md\/ro\/wp-json\/wp\/v2\/product_tag?post=10225"}],"curies":[{"name":"wp","href":"https:\/\/api.w.org\/{rel}","templated":true}]}}