{"id":10196,"date":"2025-10-17T11:11:33","date_gmt":"2025-10-17T11:11:33","guid":{"rendered":"https:\/\/darvilais.md\/?post_type=product&#038;p=10196"},"modified":"2025-10-17T11:11:33","modified_gmt":"2025-10-17T11:11:33","slug":"hoco-hb45-spirit-card-reader","status":"publish","type":"product","link":"https:\/\/darvilais.md\/ro\/produs\/hoco-hb45-spirit-card-reader\/","title":{"rendered":"Hoco HB45"},"content":{"rendered":"<h2><strong>Hoco HB45 Spirit 2 \u00een 1<\/strong><\/h2>\n<ul>\n<li class=\"p1\"><strong>Culoare: gri \u00eenchis<\/strong><\/li>\n<li class=\"p1\"><strong>Tip: Cititor de carduri 2 \u00een 1 (SD + TF)<\/strong><\/li>\n<li class=\"p1\"><strong>Carduri suportate: SD, microSD (TF)<\/strong><\/li>\n<li class=\"p1\"><strong>Capacitate maxim\u0103 a cardului: p\u00e2n\u0103 la 2 TB<\/strong><\/li>\n<li class=\"p1\"><strong>Interfa\u021b\u0103: USB 2.0<\/strong><\/li>\n<li class=\"p1\"><strong>Vitez\u0103 de transfer: p\u00e2n\u0103 la 480 Mbps (USB 2.0)<\/strong><\/li>\n<li class=\"p1\"><strong>Material: aliaj de aluminiu<\/strong><\/li>\n<li class=\"p1\"><strong>Dimensiuni: 70 \u00d7 20,5 \u00d7 11 mm<\/strong><\/li>\n<li class=\"p1\"><strong>Greutate: 11,2 g<\/strong><\/li>\n<li class=\"p1\"><strong>Compatibilitate: Windows, macOS, Linux, suport OTG pentru dispozitive mobile<\/strong><\/li>\n<li class=\"p1\"><strong>Caracteristici: Plug-and-Play, carcas\u0103 compact\u0103, protec\u021bie la contact<\/strong><\/li>\n<li class=\"p1\"><strong>Producator: Hoco<\/strong><\/li>\n<\/ul>\n<p><strong><span class=\"s1\">Confirmat: <\/span><a href=\"https:\/\/hocotech.com\/product\/mobile-accessories\/cables\/adapters\/card-reader-hb45-spirit-usb-a-type-c-2-0-or-3-0\/\" target=\"_blank\" rel=\"noopener\">https:\/\/hocotech.com\/product\/mobile-accessories\/cables\/adapters\/card-reader-hb45-spirit-usb-a-type-c-2-0-or-3-0\/<\/a><\/strong><\/p>","protected":false},"excerpt":{"rendered":"<p><strong><em>Cititorul de carduri compact \u0219i fiabil 2-\u00een-1 Hoco HB45 accept\u0103 carduri SD \u0219i microSD, este u\u0219or de utilizat \u0219i este potrivit pentru PC-uri \u0219i dispozitive mobile.<\/em><\/strong><\/p>","protected":false},"featured_media":10202,"template":"","meta":{"_acf_changed":false},"product_brand":[286],"product_cat":[242],"product_tag":[1112,1111,1072,1075],"class_list":{"0":"post-10196","1":"product","2":"type-product","3":"status-publish","4":"has-post-thumbnail","6":"product_brand-hoco","7":"product_cat-adapters","8":"product_tag-plug-and-play","9":"product_tag-sd--tf","10":"product_tag-1072","11":"product_tag-1075","13":"first","14":"instock","15":"sale","16":"taxable","17":"shipping-taxable","18":"purchasable","19":"product-type-simple","20":"add-to-wishlist-after_add_to_cart"},"acf":[],"jetpack_sharing_enabled":true,"_links":{"self":[{"href":"https:\/\/darvilais.md\/ro\/wp-json\/wp\/v2\/product\/10196","targetHints":{"allow":["GET"]}}],"collection":[{"href":"https:\/\/darvilais.md\/ro\/wp-json\/wp\/v2\/product"}],"about":[{"href":"https:\/\/darvilais.md\/ro\/wp-json\/wp\/v2\/types\/product"}],"wp:featuredmedia":[{"embeddable":true,"href":"https:\/\/darvilais.md\/ro\/wp-json\/wp\/v2\/media\/10202"}],"wp:attachment":[{"href":"https:\/\/darvilais.md\/ro\/wp-json\/wp\/v2\/media?parent=10196"}],"wp:term":[{"taxonomy":"product_brand","embeddable":true,"href":"https:\/\/darvilais.md\/ro\/wp-json\/wp\/v2\/product_brand?post=10196"},{"taxonomy":"product_cat","embeddable":true,"href":"https:\/\/darvilais.md\/ro\/wp-json\/wp\/v2\/product_cat?post=10196"},{"taxonomy":"product_tag","embeddable":true,"href":"https:\/\/darvilais.md\/ro\/wp-json\/wp\/v2\/product_tag?post=10196"}],"curies":[{"name":"wp","href":"https:\/\/api.w.org\/{rel}","templated":true}]}}