{"id":10182,"date":"2025-10-17T10:25:48","date_gmt":"2025-10-17T10:25:48","guid":{"rendered":"https:\/\/darvilais.md\/?post_type=product&#038;p=10182"},"modified":"2025-10-17T10:25:48","modified_gmt":"2025-10-17T10:25:48","slug":"hoco-ua17-type-c-to-usb3-adapter","status":"publish","type":"product","link":"https:\/\/darvilais.md\/ro\/produs\/hoco-ua17-type-c-to-usb3-adapter\/","title":{"rendered":"Hoco UA17 Tip-C"},"content":{"rendered":"<h2><strong>Adaptor Hoco UA17 Tip-C<\/strong><\/h2>\n<ul>\n<li class=\"p1\"><strong>Culoare: negru<\/strong><\/li>\n<li class=\"p1\"><strong>Tip: Adaptor USB 3.0<\/strong><\/li>\n<li class=\"p1\"><strong>Interfa\u021b\u0103: Tip C Mascul \u2192 USB Mam\u0103<\/strong><\/li>\n<li class=\"p1\"><strong>Scop: conectarea dispozitivelor USB la porturile Type-C<\/strong><\/li>\n<li class=\"p1\"><strong>Producator: Hoco<\/strong><\/li>\n<\/ul>\n<p><strong><span class=\"s1\">Confirmat: <\/span><a href=\"https:\/\/hocotech.com\/product\/mobile-accessories\/cables\/adapters\/adapter-type-c-male-to-usb-female-ua17\/\" target=\"_blank\" rel=\"noopener\">https:\/\/hocotech.com\/product\/mobile-accessories\/cables\/adapters\/adapter-type-c-male-to-usb-female-ua17\/<\/a><\/strong><\/p>","protected":false},"excerpt":{"rendered":"<p><em><strong>Adaptorul Hoco UA17 Type-C Mascul\u0103 \u2192 USB 3.0 Mam\u0103 ofer\u0103 o conectare convenabil\u0103 a dispozitivelor USB la porturile Type-C moderne.<\/strong><\/em><\/p>","protected":false},"featured_media":10187,"template":"","meta":{"_acf_changed":false},"product_brand":[286],"product_cat":[242],"product_tag":[1103,1106,1105,683],"class_list":{"0":"post-10182","1":"product","2":"type-product","3":"status-publish","4":"has-post-thumbnail","6":"product_brand-hoco","7":"product_cat-adapters","8":"product_tag-type-c-","9":"product_tag-usb-","10":"product_tag-usb3-0","11":"product_tag-683","13":"first","14":"instock","15":"taxable","16":"shipping-taxable","17":"purchasable","18":"product-type-simple","19":"add-to-wishlist-after_add_to_cart"},"acf":[],"jetpack_sharing_enabled":true,"_links":{"self":[{"href":"https:\/\/darvilais.md\/ro\/wp-json\/wp\/v2\/product\/10182","targetHints":{"allow":["GET"]}}],"collection":[{"href":"https:\/\/darvilais.md\/ro\/wp-json\/wp\/v2\/product"}],"about":[{"href":"https:\/\/darvilais.md\/ro\/wp-json\/wp\/v2\/types\/product"}],"wp:featuredmedia":[{"embeddable":true,"href":"https:\/\/darvilais.md\/ro\/wp-json\/wp\/v2\/media\/10187"}],"wp:attachment":[{"href":"https:\/\/darvilais.md\/ro\/wp-json\/wp\/v2\/media?parent=10182"}],"wp:term":[{"taxonomy":"product_brand","embeddable":true,"href":"https:\/\/darvilais.md\/ro\/wp-json\/wp\/v2\/product_brand?post=10182"},{"taxonomy":"product_cat","embeddable":true,"href":"https:\/\/darvilais.md\/ro\/wp-json\/wp\/v2\/product_cat?post=10182"},{"taxonomy":"product_tag","embeddable":true,"href":"https:\/\/darvilais.md\/ro\/wp-json\/wp\/v2\/product_tag?post=10182"}],"curies":[{"name":"wp","href":"https:\/\/api.w.org\/{rel}","templated":true}]}}