{"id":10142,"date":"2025-10-17T08:40:55","date_gmt":"2025-10-17T08:40:55","guid":{"rendered":"https:\/\/darvilais.md\/?post_type=product&#038;p=10142"},"modified":"2025-10-17T08:40:55","modified_gmt":"2025-10-17T08:40:55","slug":"hoco-ls35-type-c-to-3-5mm-audio-adapter","status":"publish","type":"product","link":"https:\/\/darvilais.md\/ro\/produs\/hoco-ls35-type-c-to-3-5mm-audio-adapter\/","title":{"rendered":"Hoco LS35 Tip-C"},"content":{"rendered":"<h2><strong>Convertor audio digital Hoco LS35 de la tip C la 3,5 mm\u00a0<\/strong><\/h2>\n<ul>\n<li class=\"p1\"><strong>Culoare: alb\u00a0<\/strong><\/li>\n<li class=\"p1\"><strong>Tip: adaptor audio AUX de tip C\u00a0<\/strong><\/li>\n<li class=\"p1\"><strong>Lungimea cablului: 0,08 m\u00a0<\/strong><\/li>\n<li class=\"p1\"><strong>Interfa\u021b\u0103: Tip C la 3,5 mm\u00a0<\/strong><\/li>\n<li class=\"p1\"><strong>Scop: conectarea c\u0103\u0219tilor \u0219i microfoanelor\u00a0<\/strong><\/li>\n<li class=\"p1\"><strong>Compatibilitate: Dispozitive cu conector Type-C f\u0103r\u0103 ie\u0219ire audio de 3,5 mm\u00a0<\/strong><\/li>\n<li class=\"p1\"><strong>Producator: Hoco<\/strong><\/li>\n<\/ul>","protected":false},"excerpt":{"rendered":"<p><em><strong>Hoco LS35 este un adaptor convenabil de la tip C la jack de 3,5 mm care v\u0103 permite s\u0103 conecta\u021bi c\u0103\u0219ti \u0219i microfoane la dispozitive moderne f\u0103r\u0103 muf\u0103 audio.<\/strong><\/em><\/p>","protected":false},"featured_media":10145,"template":"","meta":{"_acf_changed":false},"product_brand":[286],"product_cat":[242],"product_tag":[1087,1088,1079,1085],"class_list":{"0":"post-10142","1":"product","2":"type-product","3":"status-publish","4":"has-post-thumbnail","6":"product_brand-hoco","7":"product_cat-adapters","8":"product_tag-aux-","9":"product_tag-1088","10":"product_tag-1079","11":"product_tag--type-c","13":"first","14":"instock","15":"sale","16":"taxable","17":"shipping-taxable","18":"purchasable","19":"product-type-simple","20":"add-to-wishlist-after_add_to_cart"},"acf":[],"jetpack_sharing_enabled":true,"_links":{"self":[{"href":"https:\/\/darvilais.md\/ro\/wp-json\/wp\/v2\/product\/10142","targetHints":{"allow":["GET"]}}],"collection":[{"href":"https:\/\/darvilais.md\/ro\/wp-json\/wp\/v2\/product"}],"about":[{"href":"https:\/\/darvilais.md\/ro\/wp-json\/wp\/v2\/types\/product"}],"wp:featuredmedia":[{"embeddable":true,"href":"https:\/\/darvilais.md\/ro\/wp-json\/wp\/v2\/media\/10145"}],"wp:attachment":[{"href":"https:\/\/darvilais.md\/ro\/wp-json\/wp\/v2\/media?parent=10142"}],"wp:term":[{"taxonomy":"product_brand","embeddable":true,"href":"https:\/\/darvilais.md\/ro\/wp-json\/wp\/v2\/product_brand?post=10142"},{"taxonomy":"product_cat","embeddable":true,"href":"https:\/\/darvilais.md\/ro\/wp-json\/wp\/v2\/product_cat?post=10142"},{"taxonomy":"product_tag","embeddable":true,"href":"https:\/\/darvilais.md\/ro\/wp-json\/wp\/v2\/product_tag?post=10142"}],"curies":[{"name":"wp","href":"https:\/\/api.w.org\/{rel}","templated":true}]}}