{"id":10108,"date":"2025-10-16T16:22:18","date_gmt":"2025-10-16T13:22:18","guid":{"rendered":"https:\/\/darvilais.md\/?post_type=product&#038;p=10108"},"modified":"2026-04-23T07:24:06","modified_gmt":"2026-04-23T04:24:06","slug":"acefast-e5-plus-usb-c-multifunctional-stand","status":"publish","type":"product","link":"https:\/\/darvilais.md\/ro\/produs\/acefast-e5-plus-usb-c-multifunctional-stand\/","title":{"rendered":"ACEFAST E5 PLUS"},"content":{"rendered":"<h2><strong>ACEFAST E5 PLUS suport multifunc\u021bional USB-C HUB pentru laptop\u00a0<\/strong><\/h2>\n<ul>\n<li class=\"p1\"><strong>Culoare: gri \u00eenchis\u00a0<\/strong><\/li>\n<li class=\"p1\"><strong>Tip: suport pentru laptop cu hub USB-C\u00a0<\/strong><\/li>\n<li class=\"p1\"><strong>Caracteristici: Multifunc\u021bional, suport pentru dispozitive USB-C, r\u0103cire laptop\u00a0<\/strong><\/li>\n<li class=\"p1\"><strong>Material: aliaj de aluminiu\u00a0<\/strong><\/li>\n<li class=\"p1\"><strong>Compatibilitate: Laptopuri cu USB-C\u00a0<\/strong><\/li>\n<li class=\"p1\"><strong>Produc\u0103tor: ACEFAST\u00a0<\/strong><\/li>\n<\/ul>\n<p><strong><span class=\"s1\">Confirmat: <\/span><a href=\"https:\/\/acefast.com\/catalog\/holders\/multifunctional-laptop-stand-with-hub-e5\/\" target=\"_blank\" rel=\"noopener\">https:\/\/acefast.com\/catalog\/holders\/multifunctional-laptop-stand-with-hub-e5\/<\/a><\/strong><\/p>","protected":false},"excerpt":{"rendered":"<p><em><strong>ACEFAST E5 PLUS este un suport multifunc\u021bional pentru laptop, cu hub USB-C \u0219i sistem de r\u0103cire, pentru o munc\u0103 confortabil\u0103.<\/strong><\/em><\/p>","protected":false},"featured_media":10114,"template":"","meta":{"_acf_changed":false},"product_brand":[318],"product_cat":[238],"product_tag":[1070,1071,1069,1033],"class_list":{"0":"post-10108","1":"product","2":"type-product","3":"status-publish","4":"has-post-thumbnail","6":"product_brand-acefast","7":"product_cat-pc-accessories","8":"product_tag-usb-c-","9":"product_tag-1071","10":"product_tag-1069","11":"product_tag-1033","13":"first","14":"instock","15":"sale","16":"taxable","17":"shipping-taxable","18":"purchasable","19":"product-type-simple","20":"add-to-wishlist-after_add_to_cart"},"acf":[],"jetpack_sharing_enabled":true,"_links":{"self":[{"href":"https:\/\/darvilais.md\/ro\/wp-json\/wp\/v2\/product\/10108","targetHints":{"allow":["GET"]}}],"collection":[{"href":"https:\/\/darvilais.md\/ro\/wp-json\/wp\/v2\/product"}],"about":[{"href":"https:\/\/darvilais.md\/ro\/wp-json\/wp\/v2\/types\/product"}],"wp:featuredmedia":[{"embeddable":true,"href":"https:\/\/darvilais.md\/ro\/wp-json\/wp\/v2\/media\/10114"}],"wp:attachment":[{"href":"https:\/\/darvilais.md\/ro\/wp-json\/wp\/v2\/media?parent=10108"}],"wp:term":[{"taxonomy":"product_brand","embeddable":true,"href":"https:\/\/darvilais.md\/ro\/wp-json\/wp\/v2\/product_brand?post=10108"},{"taxonomy":"product_cat","embeddable":true,"href":"https:\/\/darvilais.md\/ro\/wp-json\/wp\/v2\/product_cat?post=10108"},{"taxonomy":"product_tag","embeddable":true,"href":"https:\/\/darvilais.md\/ro\/wp-json\/wp\/v2\/product_tag?post=10108"}],"curies":[{"name":"wp","href":"https:\/\/api.w.org\/{rel}","templated":true}]}}