{"id":10095,"date":"2025-10-16T13:08:31","date_gmt":"2025-10-16T13:08:31","guid":{"rendered":"https:\/\/darvilais.md\/?post_type=product&#038;p=10095"},"modified":"2025-10-16T13:08:31","modified_gmt":"2025-10-16T13:08:31","slug":"hoco-dh07-folding-adjustable-notebook-stand","status":"publish","type":"product","link":"https:\/\/darvilais.md\/ro\/produs\/hoco-dh07-folding-adjustable-notebook-stand\/","title":{"rendered":"Hoco DH07"},"content":{"rendered":"<h2><strong>Suport pliabil pentru notebook Hoco DH07, reglabil pe 7 niveluri\u00a0<\/strong><\/h2>\n<ul>\n<li class=\"p1\"><strong>Culoare: argintiu\u00a0<\/strong><\/li>\n<li class=\"p1\"><strong>Tip: suport pentru laptop\u00a0<\/strong><\/li>\n<li class=\"p1\"><strong>Caracteristici: design pliabil, 7 niveluri de ajustare\u00a0<\/strong><\/li>\n<li class=\"p1\"><strong>Material: aliaj de aluminiu\u00a0<\/strong><\/li>\n<li class=\"p1\"><strong>Compatibilitate: laptopuri de p\u00e2n\u0103 la 17 inci\u00a0<\/strong><\/li>\n<li class=\"p1\"><strong>Producator: Hoco<\/strong><\/li>\n<\/ul>","protected":false},"excerpt":{"rendered":"<p><em><strong>Hoco DH07 este un suport compact \u0219i pliabil pentru laptop, cu niveluri de \u00eenclinare reglabile pentru o munc\u0103 confortabil\u0103.<\/strong><\/em><\/p>","protected":false},"featured_media":10099,"template":"","meta":{"_acf_changed":false},"product_brand":[286],"product_cat":[238],"product_tag":[1069,1033,1035,549],"class_list":{"0":"post-10095","1":"product","2":"type-product","3":"status-publish","4":"has-post-thumbnail","6":"product_brand-hoco","7":"product_cat-pc-accessories","8":"product_tag-1069","9":"product_tag-1033","10":"product_tag-1035","11":"product_tag-549","13":"first","14":"instock","15":"sale","16":"taxable","17":"shipping-taxable","18":"purchasable","19":"product-type-simple","20":"add-to-wishlist-after_add_to_cart"},"acf":[],"jetpack_sharing_enabled":true,"_links":{"self":[{"href":"https:\/\/darvilais.md\/ro\/wp-json\/wp\/v2\/product\/10095","targetHints":{"allow":["GET"]}}],"collection":[{"href":"https:\/\/darvilais.md\/ro\/wp-json\/wp\/v2\/product"}],"about":[{"href":"https:\/\/darvilais.md\/ro\/wp-json\/wp\/v2\/types\/product"}],"wp:featuredmedia":[{"embeddable":true,"href":"https:\/\/darvilais.md\/ro\/wp-json\/wp\/v2\/media\/10099"}],"wp:attachment":[{"href":"https:\/\/darvilais.md\/ro\/wp-json\/wp\/v2\/media?parent=10095"}],"wp:term":[{"taxonomy":"product_brand","embeddable":true,"href":"https:\/\/darvilais.md\/ro\/wp-json\/wp\/v2\/product_brand?post=10095"},{"taxonomy":"product_cat","embeddable":true,"href":"https:\/\/darvilais.md\/ro\/wp-json\/wp\/v2\/product_cat?post=10095"},{"taxonomy":"product_tag","embeddable":true,"href":"https:\/\/darvilais.md\/ro\/wp-json\/wp\/v2\/product_tag?post=10095"}],"curies":[{"name":"wp","href":"https:\/\/api.w.org\/{rel}","templated":true}]}}