{"id":10090,"date":"2025-10-16T13:00:50","date_gmt":"2025-10-16T13:00:50","guid":{"rendered":"https:\/\/darvilais.md\/?post_type=product&#038;p=10090"},"modified":"2025-10-16T13:00:50","modified_gmt":"2025-10-16T13:00:50","slug":"hoco-gm22-aurora-gaming-mouse-pad-200x240","status":"publish","type":"product","link":"https:\/\/darvilais.md\/ro\/produs\/hoco-gm22-aurora-gaming-mouse-pad-200x240\/","title":{"rendered":"Hoco GM22 mini"},"content":{"rendered":"<h2><strong>Hoco GM22 Aurora - mouse pad pentru jocuri\u00a0<\/strong><\/h2>\n<ul>\n<li class=\"p1\"><strong>Culoare: negru\u00a0<\/strong><\/li>\n<li class=\"p1\"><strong>Tip: pad pentru mouse de gaming\u00a0<\/strong><\/li>\n<li class=\"p1\"><strong>Caracteristici: dimensiuni compacte 200\u00d7240 mm, baz\u0103 antiderapant\u0103\u00a0<\/strong><\/li>\n<li class=\"p1\"><strong>Material: material textil, cauciuc\u00a0<\/strong><\/li>\n<li class=\"p1\"><strong>Compatibilitate: toate tipurile de mouse-uri\u00a0<\/strong><\/li>\n<li class=\"p1\"><strong>Producator: Hoco<\/strong><\/li>\n<\/ul>","protected":false},"excerpt":{"rendered":"<p><em><strong>Hoco GM22 Aurora este un mouse pad compact pentru gaming, cu o suprafa\u021b\u0103 neted\u0103 \u0219i o baz\u0103 stabil\u0103.<\/strong><\/em><\/p>","protected":false},"featured_media":10094,"template":"","meta":{"_acf_changed":false},"product_brand":[286],"product_cat":[238],"product_tag":[1063,1059,1067,1068],"class_list":{"0":"post-10090","1":"product","2":"type-product","3":"status-publish","4":"has-post-thumbnail","6":"product_brand-hoco","7":"product_cat-pc-accessories","8":"product_tag-1063","9":"product_tag-1059","10":"product_tag-1067","11":"product_tag-1068","13":"first","14":"instock","15":"sale","16":"taxable","17":"shipping-taxable","18":"purchasable","19":"product-type-simple","20":"add-to-wishlist-after_add_to_cart"},"acf":[],"jetpack_sharing_enabled":true,"_links":{"self":[{"href":"https:\/\/darvilais.md\/ro\/wp-json\/wp\/v2\/product\/10090","targetHints":{"allow":["GET"]}}],"collection":[{"href":"https:\/\/darvilais.md\/ro\/wp-json\/wp\/v2\/product"}],"about":[{"href":"https:\/\/darvilais.md\/ro\/wp-json\/wp\/v2\/types\/product"}],"wp:featuredmedia":[{"embeddable":true,"href":"https:\/\/darvilais.md\/ro\/wp-json\/wp\/v2\/media\/10094"}],"wp:attachment":[{"href":"https:\/\/darvilais.md\/ro\/wp-json\/wp\/v2\/media?parent=10090"}],"wp:term":[{"taxonomy":"product_brand","embeddable":true,"href":"https:\/\/darvilais.md\/ro\/wp-json\/wp\/v2\/product_brand?post=10090"},{"taxonomy":"product_cat","embeddable":true,"href":"https:\/\/darvilais.md\/ro\/wp-json\/wp\/v2\/product_cat?post=10090"},{"taxonomy":"product_tag","embeddable":true,"href":"https:\/\/darvilais.md\/ro\/wp-json\/wp\/v2\/product_tag?post=10090"}],"curies":[{"name":"wp","href":"https:\/\/api.w.org\/{rel}","templated":true}]}}