{"id":10067,"date":"2025-10-16T12:27:46","date_gmt":"2025-10-16T12:27:46","guid":{"rendered":"https:\/\/darvilais.md\/?post_type=product&#038;p=10067"},"modified":"2025-10-16T12:27:46","modified_gmt":"2025-10-16T12:27:46","slug":"gembird-kb-u-103-ru-wired-keyboard-black","status":"publish","type":"product","link":"https:\/\/darvilais.md\/ro\/produs\/gembird-kb-u-103-ru-wired-keyboard-black\/","title":{"rendered":"Gembird KB-U-103"},"content":{"rendered":"<h2><strong>Tastatur\u0103 Gembird KB-U-103-RU\u00a0<\/strong><\/h2>\n<ul>\n<li class=\"p1\"><strong>Culoare: negru\u00a0<\/strong><\/li>\n<li class=\"p1\"><strong>Tip: tastatur\u0103 cu fir\u00a0<\/strong><\/li>\n<li class=\"p1\"><strong>Format: Dimensiune complet\u0103\u00a0<\/strong><\/li>\n<li class=\"p1\"><strong>Taste: Silen\u021bioase, profil redus\u00a0<\/strong><\/li>\n<li class=\"p1\"><strong>Conexiune: USB\u00a0<\/strong><\/li>\n<li class=\"p1\"><strong>Compatibilitate: Windows, macOS\u00a0<\/strong><\/li>\n<li class=\"p1\"><strong>Produc\u0103tor: Gembird\u00a0<\/strong><\/li>\n<\/ul>\n<p><strong><span class=\"s1\">Confirmare: <\/span><a href=\"https:\/\/gembird.com.pl\/item.aspx?id=8399&amp;lang=ru\" target=\"_blank\" rel=\"noopener\">https:\/\/gembird.com.pl\/item.aspx?id=8399&amp;lang=ru<\/a><\/strong><\/p>","protected":false},"excerpt":{"rendered":"<p><em><strong>Gembird KB-U-103-RU este o tastatur\u0103 cu fir fiabil\u0103, cu taste silen\u021bioase, un design confortabil \u0219i o carcas\u0103 durabil\u0103, ideal\u0103 pentru birou \u0219i acas\u0103.<\/strong><\/em><\/p>","protected":false},"featured_media":10070,"template":"","meta":{"_acf_changed":false},"product_brand":[1055],"product_cat":[238],"product_tag":[1058,1056,1051,1057],"class_list":{"0":"post-10067","1":"product","2":"type-product","3":"status-publish","4":"has-post-thumbnail","6":"product_brand-gembird","7":"product_cat-pc-accessories","8":"product_tag--usb","9":"product_tag-1056","10":"product_tag-1051","11":"product_tag-1057","13":"first","14":"instock","15":"taxable","16":"shipping-taxable","17":"purchasable","18":"product-type-simple","19":"add-to-wishlist-after_add_to_cart"},"acf":[],"jetpack_sharing_enabled":true,"_links":{"self":[{"href":"https:\/\/darvilais.md\/ro\/wp-json\/wp\/v2\/product\/10067","targetHints":{"allow":["GET"]}}],"collection":[{"href":"https:\/\/darvilais.md\/ro\/wp-json\/wp\/v2\/product"}],"about":[{"href":"https:\/\/darvilais.md\/ro\/wp-json\/wp\/v2\/types\/product"}],"wp:featuredmedia":[{"embeddable":true,"href":"https:\/\/darvilais.md\/ro\/wp-json\/wp\/v2\/media\/10070"}],"wp:attachment":[{"href":"https:\/\/darvilais.md\/ro\/wp-json\/wp\/v2\/media?parent=10067"}],"wp:term":[{"taxonomy":"product_brand","embeddable":true,"href":"https:\/\/darvilais.md\/ro\/wp-json\/wp\/v2\/product_brand?post=10067"},{"taxonomy":"product_cat","embeddable":true,"href":"https:\/\/darvilais.md\/ro\/wp-json\/wp\/v2\/product_cat?post=10067"},{"taxonomy":"product_tag","embeddable":true,"href":"https:\/\/darvilais.md\/ro\/wp-json\/wp\/v2\/product_tag?post=10067"}],"curies":[{"name":"wp","href":"https:\/\/api.w.org\/{rel}","templated":true}]}}