{"id":10038,"date":"2025-10-15T14:42:07","date_gmt":"2025-10-15T14:42:07","guid":{"rendered":"https:\/\/darvilais.md\/?post_type=product&#038;p=10038"},"modified":"2025-10-15T14:42:08","modified_gmt":"2025-10-15T14:42:08","slug":"xo-m10-gaming-wired-rgb-mouse-black-silver","status":"publish","type":"product","link":"https:\/\/darvilais.md\/ro\/produs\/xo-m10-gaming-wired-rgb-mouse-black-silver\/","title":{"rendered":"XO M10"},"content":{"rendered":"<h2><strong>Mouse mecanic cu fir pentru gaming XO M10, cu emi\u021b\u0103tor de lumin\u0103 <\/strong><\/h2>\n<ul>\n<li><strong>Culoare: negru cu inser\u021bii argintii\u00a0<\/strong><\/li>\n<li class=\"p1\"><strong>Tip: mouse de gaming cu fir\u00a0<\/strong><\/li>\n<li class=\"p1\"><strong>Num\u0103r de butoane: 6\u00a0<\/strong><\/li>\n<li class=\"p1\"><strong>Conexiune: USB\u00a0<\/strong><\/li>\n<li class=\"p1\"><strong>Rezolu\u021bie senzor: 2400 DPI\u00a0<\/strong><\/li>\n<li class=\"p1\"><strong>Caracteristici: butoane mecanice, iluminare din spate RGB, corp ergonomic\u00a0<\/strong><\/li>\n<li class=\"p1\"><strong>Compatibilitate: Windows, macOS\u00a0<\/strong><\/li>\n<li class=\"p1\"><strong>Produc\u0103tor: XO<\/strong><\/li>\n<\/ul>","protected":false},"excerpt":{"rendered":"<p><strong><em>XO M10 Gaming este un mouse elegant cu fir, cu butoane mecanice, iluminare de fundal RGB \u0219i o vitez\u0103 de r\u0103spuns ridicat\u0103 pentru jocuri \u0219i munc\u0103 confortabile.<\/em><\/strong><\/p>","protected":false},"featured_media":10041,"template":"","meta":{"_acf_changed":false},"product_brand":[301],"product_cat":[238],"product_tag":[586,1044,1046,636],"class_list":{"0":"post-10038","1":"product","2":"type-product","3":"status-publish","4":"has-post-thumbnail","6":"product_brand-xo","7":"product_cat-pc-accessories","8":"product_tag-rgb-","9":"product_tag-1044","10":"product_tag-1046","11":"product_tag-636","13":"first","14":"instock","15":"sale","16":"taxable","17":"shipping-taxable","18":"purchasable","19":"product-type-simple","20":"add-to-wishlist-after_add_to_cart"},"acf":[],"jetpack_sharing_enabled":true,"_links":{"self":[{"href":"https:\/\/darvilais.md\/ro\/wp-json\/wp\/v2\/product\/10038","targetHints":{"allow":["GET"]}}],"collection":[{"href":"https:\/\/darvilais.md\/ro\/wp-json\/wp\/v2\/product"}],"about":[{"href":"https:\/\/darvilais.md\/ro\/wp-json\/wp\/v2\/types\/product"}],"wp:featuredmedia":[{"embeddable":true,"href":"https:\/\/darvilais.md\/ro\/wp-json\/wp\/v2\/media\/10041"}],"wp:attachment":[{"href":"https:\/\/darvilais.md\/ro\/wp-json\/wp\/v2\/media?parent=10038"}],"wp:term":[{"taxonomy":"product_brand","embeddable":true,"href":"https:\/\/darvilais.md\/ro\/wp-json\/wp\/v2\/product_brand?post=10038"},{"taxonomy":"product_cat","embeddable":true,"href":"https:\/\/darvilais.md\/ro\/wp-json\/wp\/v2\/product_cat?post=10038"},{"taxonomy":"product_tag","embeddable":true,"href":"https:\/\/darvilais.md\/ro\/wp-json\/wp\/v2\/product_tag?post=10038"}],"curies":[{"name":"wp","href":"https:\/\/api.w.org\/{rel}","templated":true}]}}