{"id":2508,"date":"2016-03-09T06:02:55","date_gmt":"2016-03-09T06:02:55","guid":{"rendered":"https:\/\/electro.madrasthemes.com\/?page_id=2508"},"modified":"2025-12-29T20:49:48","modified_gmt":"2025-12-29T18:49:48","slug":"%d0%be-%d0%bd%d0%b0%d1%81","status":"publish","type":"page","link":"https:\/\/darvilais.md\/ro\/%d0%be-%d0%bd%d0%b0%d1%81\/","title":{"rendered":"Despre noi"},"content":{"rendered":"<div class=\"wpb-content-wrapper\"><div class=\"wp-block-image wp-duotone-grayscale\">\n<figure class=\"aligncenter size-large is-resized\"><img data-recalc-dims=\"1\" decoding=\"async\" width=\"1024\" height=\"1024\" src=\"https:\/\/i0.wp.com\/darvilais.md\/wp-content\/uploads\/2025\/12\/photo-output.png?resize=1024%2C1024&#038;ssl=1\" alt=\"\" class=\"wp-image-12495\" style=\"width:522px;height:auto\" srcset=\"https:\/\/i0.wp.com\/darvilais.md\/wp-content\/uploads\/2025\/12\/photo-output.png?resize=1024%2C1024&amp;ssl=1 1024w, https:\/\/i0.wp.com\/darvilais.md\/wp-content\/uploads\/2025\/12\/photo-output.png?resize=300%2C300&amp;ssl=1 300w, https:\/\/i0.wp.com\/darvilais.md\/wp-content\/uploads\/2025\/12\/photo-output.png?resize=150%2C150&amp;ssl=1 150w, https:\/\/i0.wp.com\/darvilais.md\/wp-content\/uploads\/2025\/12\/photo-output.png?resize=768%2C768&amp;ssl=1 768w, https:\/\/i0.wp.com\/darvilais.md\/wp-content\/uploads\/2025\/12\/photo-output.png?resize=1536%2C1536&amp;ssl=1 1536w, https:\/\/i0.wp.com\/darvilais.md\/wp-content\/uploads\/2025\/12\/photo-output.png?resize=12%2C12&amp;ssl=1 12w, https:\/\/i0.wp.com\/darvilais.md\/wp-content\/uploads\/2025\/12\/photo-output.png?resize=600%2C600&amp;ssl=1 600w, https:\/\/i0.wp.com\/darvilais.md\/wp-content\/uploads\/2025\/12\/photo-output.png?resize=100%2C100&amp;ssl=1 100w, https:\/\/i0.wp.com\/darvilais.md\/wp-content\/uploads\/2025\/12\/photo-output.png?w=2046&amp;ssl=1 2046w\" sizes=\"(max-width: 1024px) 100vw, 1024px\" \/><\/figure>\n<\/div>\n\n<div class=\"vc_row wpb_row vc_row-fluid\"><div class=\"contact-form wpb_column vc_column_container vc_col-sm-9\"><div class=\"vc_column-inner\"><div class=\"wpb_wrapper\">\n\t<div class=\"wpb_text_column wpb_content_element\" >\n\t\t<div class=\"wpb_wrapper\">\n\t\t\t<div class=\"flex shrink basis-auto flex-col overflow-hidden -mb-(--composer-overlap-px) &#091;--composer-overlap-px:24px&#093; grow\">\n<div class=\"relative h-full\">\n<div class=\"flex h-full flex-col overflow-y-auto &#091;scrollbar-gutter:stable&#093;\">\n<div class=\"@thread-xl\/thread:pt-header-height mt-1.5 flex flex-col text-sm md:pb-9\">\n<article class=\"text-token-text-primary w-full\" dir=\"auto\" data-testid=\"conversation-turn-12\" data-scroll-anchor=\"false\">\n<div class=\"text-base my-auto mx-auto py-5 &#091;--thread-content-margin:--spacing(4)&#093; @&#091;37rem&#093;:&#091;--thread-content-margin:--spacing(6)&#093; @&#091;70rem&#093;:&#091;--thread-content-margin:--spacing(12)&#093; px-(--thread-content-margin)\">\n<div class=\"&#091;--thread-content-max-width:32rem&#093; @&#091;34rem&#093;:&#091;--thread-content-max-width:40rem&#093; @&#091;64rem&#093;:&#091;--thread-content-max-width:48rem&#093; mx-auto flex max-w-(--thread-content-max-width) flex-1 text-base gap-4 md:gap-5 lg:gap-6 group\/turn-messages focus-visible:outline-hidden\" tabindex=\"-1\">\n<div class=\"group\/conversation-turn relative flex w-full min-w-0 flex-col agent-turn\">\n<div class=\"relative flex-col gap-1 md:gap-3\">\n<div class=\"flex max-w-full flex-col grow\">\n<div class=\"min-h-8 text-message relative flex w-full flex-col items-end gap-2 text-start break-words whitespace-normal &#091;.text-message+&amp;&#093;:mt-5\" dir=\"auto\" data-message-author-role=\"assistant\" data-message-id=\"a6e451e5-f616-4952-a4e6-3b46964b5957\" data-message-model-slug=\"gpt-4o\">\n<div class=\"flex w-full flex-col gap-1 empty:hidden first:pt-&#091;3px&#093;\">\n<div class=\"markdown prose dark:prose-invert w-full break-words dark\">\n<p data-start=\"71\" data-end=\"79\"><strong>Darvilais.md este un magazin online de \u00eencredere de accesorii \u0219i gadgeturi din Moldova. Ne specializ\u0103m \u00een v\u00e2nzarea de produse de calitate de la m\u0103rci cunoscute \u0219i de \u00eencredere, precum Hoco, XO, WiWU, Acefast, Borofone \u0219i altele.<\/strong><\/p>\n<p class=\"\" data-start=\"309\" data-end=\"625\"><strong>Activ\u0103m din 2021 \u0219i \u00een acest timp am procesat cu succes peste 4.000 de comenzi \u00een toat\u0103 Republica Moldova.<\/strong><br data-start=\"411\" data-end=\"414\" \/><strong>Scopul nostru este s\u0103 facem cump\u0103r\u0103turile convenabile, profitabile \u0219i accesibile tuturor. Oferim o gam\u0103 modern\u0103 de produse la pre\u021buri corecte, astfel \u00eenc\u00e2t s\u0103 v\u0103 pute\u021bi bucura pe dumneavoastr\u0103 \u0219i pe cei dragi cu accesorii \u0219i gadgeturi utile.<\/strong><\/p>\n<p data-start=\"627\" data-end=\"649\"><strong>Ce oferim:<\/strong><\/p>\n<p class=\"\" data-start=\"650\" data-end=\"682\"><strong>\u00cen sortimentul nostru ve\u021bi g\u0103si:<\/strong><\/p>\n<ul data-start=\"683\" data-end=\"1101\">\n<li class=\"\" data-start=\"683\" data-end=\"781\">\n<p class=\"\" data-start=\"685\" data-end=\"781\"><strong>Accesorii pentru smartphone-uri: \u00eenc\u0103rc\u0103toare, cabluri, c\u0103\u0219ti, suporturi \u0219i multe altele.<\/strong><\/p>\n<\/li>\n<li class=\"\" data-start=\"782\" data-end=\"870\">\n<p class=\"\" data-start=\"784\" data-end=\"870\"><strong>Gadgeturi pentru cas\u0103: l\u0103mpi, difuzoare, dispozitive inteligente \u0219i lucruri m\u0103runte utile pentru confort.<\/strong><\/p>\n<\/li>\n<li class=\"\" data-start=\"871\" data-end=\"986\">\n<p class=\"\" data-start=\"873\" data-end=\"986\"><strong>Accesorii auto: \u00eenc\u0103rc\u0103toare, suporturi, dispozitive Bluetooth \u0219i alte solu\u021bii convenabile pentru ma\u0219ina ta.<\/strong><\/p>\n<\/li>\n<li class=\"\" data-start=\"987\" data-end=\"1101\">\n<p class=\"\" data-start=\"989\" data-end=\"1101\"><strong>Produse \u0219i cadouri noi \u0219i elegante: dispozitive practice, pl\u0103cute de oferit \u0219i u\u0219or de utilizat \u00een fiecare zi.<\/strong><\/p>\n<\/li>\n<\/ul>\n<p class=\"\" data-start=\"1103\" data-end=\"1246\"><strong>Select\u0103m cu aten\u021bie fiecare articol, colabor\u00e2nd cu furnizori \u0219i m\u0103rci de \u00eencredere, astfel \u00eenc\u00e2t s\u0103 pute\u021bi fi siguri de calitatea achizi\u021biei dumneavoastr\u0103.<\/strong><\/p>\n<p data-start=\"1248\" data-end=\"1272\"><strong>De ce s\u0103 ne alege\u021bi pe noi:<\/strong><\/p>\n<ul data-start=\"1273\" data-end=\"1686\">\n<li class=\"\" data-start=\"1273\" data-end=\"1353\">\n<p class=\"\" data-start=\"1275\" data-end=\"1353\"><strong>M\u0103rci oficiale: doar produse de \u00eenalt\u0103 calitate de la produc\u0103tori de \u00eencredere.<\/strong><\/p>\n<\/li>\n<li class=\"\" data-start=\"1354\" data-end=\"1442\">\n<p class=\"\" data-start=\"1356\" data-end=\"1442\"><strong>Sortiment actual: actualizare regulat\u0103 a catalogului cu cele mai noi produse.<\/strong><\/p>\n<\/li>\n<li class=\"\" data-start=\"1443\" data-end=\"1506\">\n<p class=\"\" data-start=\"1445\" data-end=\"1506\"><strong>Pre\u021buri competitive: condi\u021bii accesibile, f\u0103r\u0103 adaosuri ascunse.<\/strong><\/p>\n<\/li>\n<li class=\"\" data-start=\"1507\" data-end=\"1607\">\n<p class=\"\" data-start=\"1509\" data-end=\"1607\"><strong>Procesare rapid\u0103 a comenzilor: pre\u021buim timpul dumneavoastr\u0103 \u0219i organiz\u0103m livrare prompt\u0103 \u00een toat\u0103 Republica Moldova.<\/strong><\/p>\n<\/li>\n<li class=\"\" data-start=\"1608\" data-end=\"1686\">\n<p class=\"\" data-start=\"1610\" data-end=\"1686\"><strong>Suport responsabil: \u00eentotdeauna gata s\u0103 ajute cu selec\u021bia \u0219i consultan\u021ba.<\/strong><\/p>\n<\/li>\n<\/ul>\n<p class=\"\" data-start=\"1688\" data-end=\"1846\"><strong>Pre\u021buim \u00eencrederea fiec\u0103rui client \u0219i ne str\u0103duim s\u0103 facem cump\u0103r\u0103turile pe Darvilais.md c\u00e2t mai convenabile, profitabile \u0219i pl\u0103cute posibil.<\/strong><br data-start=\"1812\" data-end=\"1815\" \/><strong>V\u0103 mul\u021bumim c\u0103 ne-a\u021bi ales!<\/strong><\/p>\n<\/div>\n<\/div>\n<\/div>\n<\/div>\n<\/div>\n<\/div>\n<\/div>\n<\/div>\n<\/article>\n<\/div>\n<\/div>\n<\/div>\n<\/div>\n\n\t\t<\/div>\n\t<\/div>\n<\/div><\/div><\/div><\/div><\/div>","protected":false},"excerpt":{"rendered":"Darvilais.md este un magazin online de \u00eencredere de accesorii \u0219i gadgeturi din Moldova. Ne specializ\u0103m \u00een v\u00e2nzarea de produse de calitate de la m\u0103rci cunoscute \u0219i de \u00eencredere, precum Hoco, XO, WiWU, Acefast, Borofone \u0219i altele.","protected":false},"author":1,"featured_media":0,"parent":0,"menu_order":0,"comment_status":"closed","ping_status":"closed","template":"","meta":{"_acf_changed":false,"footnotes":""},"class_list":["post-2508","page","type-page","status-publish","hentry"],"acf":[],"jetpack_sharing_enabled":true,"_links":{"self":[{"href":"https:\/\/darvilais.md\/ro\/wp-json\/wp\/v2\/pages\/2508","targetHints":{"allow":["GET"]}}],"collection":[{"href":"https:\/\/darvilais.md\/ro\/wp-json\/wp\/v2\/pages"}],"about":[{"href":"https:\/\/darvilais.md\/ro\/wp-json\/wp\/v2\/types\/page"}],"author":[{"embeddable":true,"href":"https:\/\/darvilais.md\/ro\/wp-json\/wp\/v2\/users\/1"}],"replies":[{"embeddable":true,"href":"https:\/\/darvilais.md\/ro\/wp-json\/wp\/v2\/comments?post=2508"}],"version-history":[{"count":1,"href":"https:\/\/darvilais.md\/ro\/wp-json\/wp\/v2\/pages\/2508\/revisions"}],"predecessor-version":[{"id":12497,"href":"https:\/\/darvilais.md\/ro\/wp-json\/wp\/v2\/pages\/2508\/revisions\/12497"}],"wp:attachment":[{"href":"https:\/\/darvilais.md\/ro\/wp-json\/wp\/v2\/media?parent=2508"}],"curies":[{"name":"wp","href":"https:\/\/api.w.org\/{rel}","templated":true}]}}