{"id":2183,"date":"2016-02-28T08:28:22","date_gmt":"2016-02-28T08:28:22","guid":{"rendered":"https:\/\/electro.madrasthemes.com\/?page_id=2183"},"modified":"2025-07-22T19:22:26","modified_gmt":"2025-07-22T19:22:26","slug":"%d0%bf%d0%be%d0%bb%d0%b8%d1%82%d0%b8%d0%ba%d0%b0-%d1%81%d0%b0%d0%b9%d1%82%d0%b0-%d0%b8-%d0%ba%d0%be%d0%bd%d1%84%d0%b8%d0%b4%d0%b5%d0%bd%d1%86%d0%b8%d0%b0%d0%bb%d1%8c%d0%bd%d0%be%d1%81%d1%82%d1%8c","status":"publish","type":"page","link":"https:\/\/darvilais.md\/ro\/%d0%bf%d0%be%d0%bb%d0%b8%d1%82%d0%b8%d0%ba%d0%b0-%d1%81%d0%b0%d0%b9%d1%82%d0%b0-%d0%b8-%d0%ba%d0%be%d0%bd%d1%84%d0%b8%d0%b4%d0%b5%d0%bd%d1%86%d0%b8%d0%b0%d0%bb%d1%8c%d0%bd%d0%be%d1%81%d1%82%d1%8c\/","title":{"rendered":"Politica site-ului \u0219i confiden\u021bialitatea"},"content":{"rendered":"<h2>Politica site-ului \u0219i confiden\u021bialitatea<\/h2>\n<p><strong>darvilais.md<\/strong><\/p>\n<h3>1. Dispozi\u021bii generale<\/h3>\n<p>Bun venit pe site <strong>darvilais.md<\/strong>Prin utilizarea site-ului nostru, sunte\u021bi de acord cu ace\u0219ti Termeni de utilizare \u0219i Politica de confiden\u021bialitate. V\u0103 rug\u0103m s\u0103 citi\u021bi cu aten\u021bie ace\u0219ti termeni \u00eenainte de a utiliza site-ul sau de a plasa comenzi.<\/p>\n<h3>2. Cont de utilizator<\/h3>\n<p>\u00cenregistrarea poate fi necesar\u0103 pentru a accesa anumite func\u021bii ale site-ului. Sunte\u021bi responsabil pentru men\u021binerea confiden\u021bialit\u0103\u021bii informa\u021biilor contului dvs. \u0219i sunte\u021bi pe deplin responsabil pentru toate activit\u0103\u021bile care au loc \u00een cadrul contului dvs.<\/p>\n<h3>3. Comenzi \u0219i plat\u0103<\/h3>\n<p>Prin plasarea unei comenzi, sunte\u021bi de acord s\u0103 pl\u0103ti\u021bi pentru produsele selectate \u00een conformitate cu pre\u021bul \u0219i condi\u021biile specificate. Ne rezerv\u0103m dreptul de a anula comanda \u00een cazul:<\/p>\n<ul>\n<li>absen\u021ba m\u0103rfurilor \u00een stoc;<\/li>\n<li>erori de stabilire a pre\u021burilor;<\/li>\n<li>suspiciuni de fraud\u0103.<\/li>\n<\/ul>\n<p>Plata se efectueaz\u0103 prin metodele disponibile pe site. Cump\u0103r\u0103torul este responsabil pentru plata tuturor taxelor \u0219i comisioanelor asociate achizi\u021biilor.<\/p>\n<h3>4. Livrarea m\u0103rfurilor<\/h3>\n<p>Organiz\u0103m livr\u0103ri \u00een toat\u0103 Republica Moldova. Timpii de livrare pot varia \u00een func\u021bie de regiune \u0219i de condi\u021biile serviciilor de transport.<\/p>\n<p><strong>Aten\u0163ie!<\/strong> \u00cen cazul refuzului de a primi comanda:<\/p>\n<ul>\n<li>Cump\u0103r\u0103torul este obligat s\u0103 pl\u0103teasc\u0103 costul transportului \u00een valoare de <strong>50 de lei la Chi\u0219in\u0103u<\/strong>;<\/li>\n<li>\u015ei <strong>de la 100 de lei \u00een Moldova<\/strong>, \u00een func\u021bie de localitate.<\/li>\n<\/ul>\n<p>Aceast\u0103 sum\u0103 acoper\u0103 costurile magazinului suportate \u00een timpul proces\u0103rii \u0219i livr\u0103rii.<\/p>\n<p>Dac\u0103 ave\u021bi \u00eentreb\u0103ri legate de livrare, v\u0103 rug\u0103m s\u0103 contacta\u021bi serviciul nostru de asisten\u021b\u0103.<\/p>\n<h3>5. Returnare \u0219i garan\u021bie<\/h3>\n<p>Retururile sunt posibile dac\u0103 produsul are un defect de fabrica\u021bie sau a fost deteriorat \u00een timpul livr\u0103rii. Verifica\u021bi produsul imediat dup\u0103 primire \u0219i anun\u021ba\u021bi-ne despre problem\u0103 \u00een termen de <strong>14 zile<\/strong>Vom analiza solicitarea \u0219i vom oferi o \u00eenlocuire, o rambursare sau o alt\u0103 solu\u021bie.<\/p>\n<h3>6. Drepturi de autor \u0219i con\u021binut<\/h3>\n<p>\u00centregul con\u021binut de pe acest site, inclusiv text, imagini, logo-uri \u0219i descrieri, este proprietatea <strong>darvilais.md<\/strong> sau partenerii s\u0103i. Orice copiere neautorizat\u0103 este interzis\u0103.<\/p>\n<h3>7. Limitarea r\u0103spunderii<\/h3>\n<p>Nu suntem responsabili pentru \u00eentreruperi temporare \u00een func\u021bionarea site-ului sau pentru pierderile asociate cu utilizarea site-ului. Lucrul cu site-ul se desf\u0103\u0219oar\u0103 pe propriul risc.<\/p>\n<h3>8. Modific\u0103ri ale politicii<\/h3>\n<p>Ne rezerv\u0103m dreptul de a modifica aceast\u0103 Politic\u0103 f\u0103r\u0103 notificare prealabil\u0103. Versiunea actual\u0103 este \u00eentotdeauna disponibil\u0103 pe aceast\u0103 pagin\u0103. Utilizarea \u00een continuare a site-ului \u00eenseamn\u0103 acordul cu termenii actualiza\u021bi.<\/p>\n<h3>9. Utilizarea datelor cu caracter personal<\/h3>\n<p>Folosim datele dumneavoastr\u0103 (nume, adres\u0103, num\u0103r de telefon, e-mail etc.) exclusiv pentru procesarea \u0219i livrarea comenzilor, precum \u0219i pentru comunicarea cu dumneavoastr\u0103.<\/p>\n<h3>10. Contacte<\/h3>\n<p>Magazinul online func\u021bioneaz\u0103 online. Comanda se plaseaz\u0103 prin intermediul site-ului web, iar livrarea se efectueaz\u0103 prin curier.<\/p>\n<ul>\n<li><strong>E-mail:<\/strong> <a href=\"mailto:info@darvilais.md\">info@darvilais.md<\/a><\/li>\n<li><b>Num\u0103r: 060525415<\/b><\/li>\n<\/ul>","protected":false},"excerpt":{"rendered":"<p>\u041f\u043e\u043b\u0438\u0442\u0438\u043a\u0430 \u0441\u0430\u0439\u0442\u0430 \u0438 \u043a\u043e\u043d\u0444\u0438\u0434\u0435\u043d\u0446\u0438\u0430\u043b\u044c\u043d\u043e\u0441\u0442\u044c darvilais.md 1. \u041e\u0431\u0449\u0438\u0435 \u043f\u043e\u043b\u043e\u0436\u0435\u043d\u0438\u044f \u0414\u043e\u0431\u0440\u043e \u043f\u043e\u0436\u0430\u043b\u043e\u0432\u0430\u0442\u044c \u043d\u0430 \u0441\u0430\u0439\u0442 darvilais.md. \u0418\u0441\u043f\u043e\u043b\u044c\u0437\u0443\u044f \u043d\u0430\u0448 \u0441\u0430\u0439\u0442, \u0432\u044b \u0441\u043e\u0433\u043b\u0430\u0448\u0430\u0435\u0442\u0435\u0441\u044c \u0441 \u043d\u0430\u0441\u0442\u043e\u044f\u0449\u0438\u043c\u0438 \u0423\u0441\u043b\u043e\u0432\u0438\u044f\u043c\u0438 \u0438\u0441\u043f\u043e\u043b\u044c\u0437\u043e\u0432\u0430\u043d\u0438\u044f \u0438 \u041f\u043e\u043b\u0438\u0442\u0438\u043a\u043e\u0439 \u043a\u043e\u043d\u0444\u0438\u0434\u0435\u043d\u0446\u0438\u0430\u043b\u044c\u043d\u043e\u0441\u0442\u0438. \u041f\u043e\u0436\u0430\u043b\u0443\u0439\u0441\u0442\u0430, \u0432\u043d\u0438\u043c\u0430\u0442\u0435\u043b\u044c\u043d\u043e \u043e\u0437\u043d\u0430\u043a\u043e\u043c\u044c\u0442\u0435\u0441\u044c \u0441 \u044d\u0442\u0438\u043c\u0438<\/p>","protected":false},"author":1,"featured_media":0,"parent":0,"menu_order":0,"comment_status":"closed","ping_status":"closed","template":"","meta":{"_acf_changed":false,"footnotes":""},"class_list":["post-2183","page","type-page","status-publish","hentry"],"acf":[],"jetpack_sharing_enabled":true,"_links":{"self":[{"href":"https:\/\/darvilais.md\/ro\/wp-json\/wp\/v2\/pages\/2183","targetHints":{"allow":["GET"]}}],"collection":[{"href":"https:\/\/darvilais.md\/ro\/wp-json\/wp\/v2\/pages"}],"about":[{"href":"https:\/\/darvilais.md\/ro\/wp-json\/wp\/v2\/types\/page"}],"author":[{"embeddable":true,"href":"https:\/\/darvilais.md\/ro\/wp-json\/wp\/v2\/users\/1"}],"replies":[{"embeddable":true,"href":"https:\/\/darvilais.md\/ro\/wp-json\/wp\/v2\/comments?post=2183"}],"version-history":[{"count":1,"href":"https:\/\/darvilais.md\/ro\/wp-json\/wp\/v2\/pages\/2183\/revisions"}],"predecessor-version":[{"id":7805,"href":"https:\/\/darvilais.md\/ro\/wp-json\/wp\/v2\/pages\/2183\/revisions\/7805"}],"wp:attachment":[{"href":"https:\/\/darvilais.md\/ro\/wp-json\/wp\/v2\/media?parent=2183"}],"curies":[{"name":"wp","href":"https:\/\/api.w.org\/{rel}","templated":true}]}}